{"id":94213,"date":"2026-05-13T14:02:52","date_gmt":"2026-05-13T12:02:52","guid":{"rendered":"https:\/\/www.dentex.be\/?page_id=94213"},"modified":"2026-05-13T14:05:49","modified_gmt":"2026-05-13T12:05:49","slug":"ameliorer-sa-communication-un-travail-dequipe","status":"publish","type":"page","link":"https:\/\/www.dentex.be\/nl\/ameliorer-sa-communication-un-travail-dequipe\/","title":{"rendered":"Sessie &#8211; Am\u00e9liorer sa communication : un travail d&#8217;\u00e9quipe !"},"content":{"rendered":"\t\t<div data-elementor-type=\"wp-page\" data-elementor-id=\"94213\" class=\"elementor elementor-94213\" data-elementor-post-type=\"page\">\n\t\t\t\t<div class=\"elementor-element elementor-element-5ae2ddf e-flex e-con-boxed e-con e-parent\" data-id=\"5ae2ddf\" data-element_type=\"container\">\n\t\t\t\t\t<div class=\"e-con-inner\">\n\t\t\t\t<div class=\"elementor-element elementor-element-dda21ce elementor-widget elementor-widget-heading\" data-id=\"dda21ce\" data-element_type=\"widget\" data-widget_type=\"heading.default\">\n\t\t\t\t<div class=\"elementor-widget-container\">\n\t\t\t\t\t<h1 class=\"elementor-heading-title elementor-size-default\">Am\u00e9liorer sa communication : un travail d'\u00e9quipe !<\/h1>\t\t\t\t<\/div>\n\t\t\t\t<\/div>\n\t\t\t\t<div class=\"elementor-element elementor-element-8de8ca5 elementor-widget elementor-widget-heading\" data-id=\"8de8ca5\" data-element_type=\"widget\" data-widget_type=\"heading.default\">\n\t\t\t\t<div class=\"elementor-widget-container\">\n\t\t\t\t\t<p class=\"elementor-heading-title elementor-size-default\">Micha\u00ebl Gabai<\/p>\t\t\t\t<\/div>\n\t\t\t\t<\/div>\n\t\t\t\t\t<\/div>\n\t\t\t\t<\/div>\n\t\t<div class=\"elementor-element elementor-element-cc9cda3 e-flex e-con-boxed e-con e-parent\" data-id=\"cc9cda3\" data-element_type=\"container\">\n\t\t\t\t\t<div class=\"e-con-inner\">\n\t\t<div class=\"elementor-element elementor-element-260cf93 e-con-full e-flex e-con e-child\" data-id=\"260cf93\" data-element_type=\"container\" data-settings=\"{&quot;background_background&quot;:&quot;classic&quot;}\">\n\t\t<div class=\"elementor-element elementor-element-69d25de e-con-full e-flex e-con e-child\" data-id=\"69d25de\" data-element_type=\"container\" data-settings=\"{&quot;background_background&quot;:&quot;classic&quot;}\">\n\t\t\t\t<div class=\"elementor-element elementor-element-6da6b85 elementor-widget elementor-widget-heading\" data-id=\"6da6b85\" data-element_type=\"widget\" data-widget_type=\"heading.default\">\n\t\t\t\t<div class=\"elementor-widget-container\">\n\t\t\t\t\t<h2 class=\"elementor-heading-title elementor-size-default\">Praktische informatie<\/h2>\t\t\t\t<\/div>\n\t\t\t\t<\/div>\n\t\t\t\t<div class=\"elementor-element elementor-element-2ec7118 elementor-icon-list--layout-traditional elementor-list-item-link-full_width elementor-widget elementor-widget-icon-list\" data-id=\"2ec7118\" data-element_type=\"widget\" data-widget_type=\"icon-list.default\">\n\t\t\t\t<div class=\"elementor-widget-container\">\n\t\t\t\t\t\t\t<ul class=\"elementor-icon-list-items\">\n\t\t\t\t\t\t\t<li class=\"elementor-icon-list-item\">\n\t\t\t\t\t\t\t\t\t\t\t<span class=\"elementor-icon-list-icon\">\n\t\t\t\t\t\t\t<i aria-hidden=\"true\" class=\"far fa-calendar-alt\"><\/i>\t\t\t\t\t\t<\/span>\n\t\t\t\t\t\t\t\t\t\t<span class=\"elementor-icon-list-text\">Zaterdag 3 oktober<\/span>\n\t\t\t\t\t\t\t\t\t<\/li>\n\t\t\t\t\t\t\t\t<li class=\"elementor-icon-list-item\">\n\t\t\t\t\t\t\t\t\t\t\t<span class=\"elementor-icon-list-icon\">\n\t\t\t\t\t\t\t<i aria-hidden=\"true\" class=\"far fa-clock\"><\/i>\t\t\t\t\t\t<\/span>\n\t\t\t\t\t\t\t\t\t\t<span class=\"elementor-icon-list-text\">13:00 - 14:00<\/span>\n\t\t\t\t\t\t\t\t\t<\/li>\n\t\t\t\t\t\t\t\t<li class=\"elementor-icon-list-item\">\n\t\t\t\t\t\t\t\t\t\t\t<span class=\"elementor-icon-list-icon\">\n\t\t\t\t\t\t\t<i aria-hidden=\"true\" class=\"fas fa-map-marker-alt\"><\/i>\t\t\t\t\t\t<\/span>\n\t\t\t\t\t\t\t\t\t\t<span class=\"elementor-icon-list-text\">Content arena<\/span>\n\t\t\t\t\t\t\t\t\t<\/li>\n\t\t\t\t\t\t<\/ul>\n\t\t\t\t\t\t<\/div>\n\t\t\t\t<\/div>\n\t\t\t\t<\/div>\n\t\t<div class=\"elementor-element elementor-element-8e6eb91 e-con-full e-flex e-con e-child\" data-id=\"8e6eb91\" data-element_type=\"container\" data-settings=\"{&quot;background_background&quot;:&quot;classic&quot;}\">\n\t\t\t\t<div class=\"elementor-element elementor-element-b6a2efd elementor-widget elementor-widget-heading\" data-id=\"b6a2efd\" data-element_type=\"widget\" data-widget_type=\"heading.default\">\n\t\t\t\t<div class=\"elementor-widget-container\">\n\t\t\t\t\t<h2 class=\"elementor-heading-title elementor-size-default\">Spreker<\/h2>\t\t\t\t<\/div>\n\t\t\t\t<\/div>\n\t\t\t\t<div class=\"elementor-element elementor-element-670c26d elementor-widget elementor-widget-heading\" data-id=\"670c26d\" data-element_type=\"widget\" data-widget_type=\"heading.default\">\n\t\t\t\t<div class=\"elementor-widget-container\">\n\t\t\t\t\t<h4 class=\"elementor-heading-title elementor-size-default\">Micha\u00ebl Gabai<\/h4>\t\t\t\t<\/div>\n\t\t\t\t<\/div>\n\t\t\t\t<div class=\"elementor-element elementor-element-a73fcdc elementor-widget elementor-widget-heading\" data-id=\"a73fcdc\" data-element_type=\"widget\" data-widget_type=\"heading.default\">\n\t\t\t\t<div class=\"elementor-widget-container\">\n\t\t\t\t\t<p class=\"elementor-heading-title elementor-size-default\">Chef de clinique<br>Dentiste g\u00e9n\u00e9raliste sp\u00e9cialis\u00e9 en parodontologie et implantologie <br> Fondateur Dentalflux<\/p>\t\t\t\t<\/div>\n\t\t\t\t<\/div>\n\t\t\t\t<div class=\"elementor-element elementor-element-84cdcca elementor-widget elementor-widget-image\" data-id=\"84cdcca\" data-element_type=\"widget\" data-widget_type=\"image.default\">\n\t\t\t\t<div class=\"elementor-widget-container\">\n\t\t\t\t\t\t\t\t\t\t\t\t\t\t\t<img fetchpriority=\"high\" decoding=\"async\" width=\"300\" height=\"300\" src=\"https:\/\/easyfairsassets.com\/sites\/387\/2026\/05\/michael-gabai.jpg\" class=\"attachment-medium size-medium wp-image-94219\" alt=\"michael gabai\" srcset=\"https:\/\/easyfairsassets.com\/sites\/387\/2026\/05\/michael-gabai.jpg 300w, https:\/\/easyfairsassets.com\/sites\/387\/2026\/05\/michael-gabai-150x150.jpg 150w\" sizes=\"(max-width: 300px) 100vw, 300px\" \/>\t\t\t\t\t\t\t\t\t\t\t\t\t\t\t<\/div>\n\t\t\t\t<\/div>\n\t\t\t\t<\/div>\n\t\t<div class=\"elementor-element elementor-element-5ae6eca e-flex e-con-boxed e-con e-child\" data-id=\"5ae6eca\" data-element_type=\"container\">\n\t\t\t\t\t<div class=\"e-con-inner\">\n\t\t\t\t<div class=\"elementor-element elementor-element-df2a4b0 elementor-align-center elementor-mobile-align-center elementor-widget elementor-widget-button\" data-id=\"df2a4b0\" data-element_type=\"widget\" data-widget_type=\"button.default\">\n\t\t\t\t<div class=\"elementor-widget-container\">\n\t\t\t\t\t\t\t\t\t<div class=\"elementor-button-wrapper\">\n\t\t\t\t\t<a class=\"elementor-button elementor-size-sm\" role=\"button\">\n\t\t\t\t\t\t<span class=\"elementor-button-content-wrapper\">\n\t\t\t\t\t\t<span class=\"elementor-button-icon\">\n\t\t\t\t<i aria-hidden=\"true\" class=\"fas fa-chevron-left\"><\/i>\t\t\t<\/span>\n\t\t\t\t\t\t\t\t\t<span class=\"elementor-button-text\">Programma<\/span>\n\t\t\t\t\t<\/span>\n\t\t\t\t\t<\/a>\n\t\t\t\t<\/div>\n\t\t\t\t\t\t\t\t<\/div>\n\t\t\t\t<\/div>\n\t\t\t\t\t<\/div>\n\t\t\t\t<\/div>\n\t\t\t\t<\/div>\n\t\t<div class=\"elementor-element elementor-element-29ccc43 e-con-full e-flex e-con e-child\" data-id=\"29ccc43\" data-element_type=\"container\">\n\t\t\t\t<div class=\"elementor-element elementor-element-5f5523b elementor-widget elementor-widget-text-editor\" data-id=\"5f5523b\" data-element_type=\"widget\" data-widget_type=\"text-editor.default\">\n\t\t\t\t<div class=\"elementor-widget-container\">\n\t\t\t\t\t\t\t\t\t<p>De nos jours, la communication est omnipr\u00e9sente et il en va de m\u00eame dans notre profession. Bien communiquer n\u2019est pas toujours \u00e9vident, mais \u00eatre un bon \u00ab technicien \u00bb ne suffit plus. Le patient est de plus en plus impliqu\u00e9 dans le choix entre les diff\u00e9rents plans de traitement possibles. Encore faut-il savoir l\u2019\u00e9couter et ensuite l&#8217;accompagner vers la meilleure option adapt\u00e9e \u00e0 ses besoins.<br \/>De nombreux outils sont disponibles pour nous aider dans cette d\u00e9marche et la communication verbale (par ex : les mots et le ton ) et non-verbale (par ex : les gestes, les mimiques,\u2026) peuvent potentialiser ou inhiber cette d\u00e9cision.<br \/>L\u2019ambiance du cabinet joue aussi un r\u00f4le d\u00e9cisif dans la sensation de bien-\u00eatre du patient et dans la perception qu\u2019il aura de notre pratique.<br \/>Mais la communication dans notre profession ne s\u2019arr\u00eate pas au patient\u2026Nous aborderons \u00e9galement quelques notions afin d\u2019\u00e9tablir des relations saines et efficaces avec l\u2019\u00e9quipe professionnelle au sens large.<br \/>L&#8217;objectif de ce cours sera donc de vous donner des pistes concr\u00e8tes pour travailler avec plus de s\u00e9r\u00e9nit\u00e9 tout en \u00e9vitant les relations conflictuelles.<\/p>\t\t\t\t\t\t\t\t<\/div>\n\t\t\t\t<\/div>\n\t\t\t\t<\/div>\n\t\t\t\t\t<\/div>\n\t\t\t\t<\/div>\n\t\t\t\t<\/div>\n\t\t","protected":false},"excerpt":{"rendered":"<p>Am\u00e9liorer sa communication : un travail d&#8217;\u00e9quipe ! Micha\u00ebl Gabai Praktische informatie Zaterdag 3 oktober 13:00 &#8211; 14:00 Content arena Spreker Micha\u00ebl Gabai Chef de cliniqueDentiste g\u00e9n\u00e9raliste sp\u00e9cialis\u00e9 en parodontologie et implantologie Fondateur Dentalflux Programma De nos jours, la communication est omnipr\u00e9sente et il en va de m\u00eame dans notre profession. Bien communiquer n\u2019est pas [&hellip;]<\/p>\n","protected":false},"author":872,"featured_media":0,"parent":0,"menu_order":0,"comment_status":"closed","ping_status":"closed","template":"","meta":{"_seopress_robots_primary_cat":"","_seopress_titles_title":"","_seopress_titles_desc":"","_seopress_robots_index":"","footnotes":""},"class_list":["post-94213","page","type-page","status-publish","hentry"],"_links":{"self":[{"href":"https:\/\/www.dentex.be\/nl\/wp-json\/wp\/v2\/pages\/94213","targetHints":{"allow":["GET"]}}],"collection":[{"href":"https:\/\/www.dentex.be\/nl\/wp-json\/wp\/v2\/pages"}],"about":[{"href":"https:\/\/www.dentex.be\/nl\/wp-json\/wp\/v2\/types\/page"}],"author":[{"embeddable":true,"href":"https:\/\/www.dentex.be\/nl\/wp-json\/wp\/v2\/users\/872"}],"replies":[{"embeddable":true,"href":"https:\/\/www.dentex.be\/nl\/wp-json\/wp\/v2\/comments?post=94213"}],"version-history":[{"count":4,"href":"https:\/\/www.dentex.be\/nl\/wp-json\/wp\/v2\/pages\/94213\/revisions"}],"predecessor-version":[{"id":94224,"href":"https:\/\/www.dentex.be\/nl\/wp-json\/wp\/v2\/pages\/94213\/revisions\/94224"}],"wp:attachment":[{"href":"https:\/\/www.dentex.be\/nl\/wp-json\/wp\/v2\/media?parent=94213"}],"curies":[{"name":"wp","href":"https:\/\/api.w.org\/{rel}","templated":true}]}}