{"id":93844,"date":"2026-05-07T11:11:22","date_gmt":"2026-05-07T09:11:22","guid":{"rendered":"https:\/\/www.dentex.be\/?page_id=93844"},"modified":"2026-05-08T09:20:57","modified_gmt":"2026-05-08T07:20:57","slug":"remineralisation-en-dentisterie-pediatrique-une-approche-au-service-de-la-dentisterie-a-minima","status":"publish","type":"page","link":"https:\/\/www.dentex.be\/nl\/remineralisation-en-dentisterie-pediatrique-une-approche-au-service-de-la-dentisterie-a-minima\/","title":{"rendered":"Sessie &#8211; Remin\u00e9ralisation en dentisterie p\u00e9diatrique : une approche au service de la dentisterie \u00e0 minima"},"content":{"rendered":"\t\t<div data-elementor-type=\"wp-page\" data-elementor-id=\"93844\" class=\"elementor elementor-93844\" data-elementor-post-type=\"page\">\n\t\t\t\t<div class=\"elementor-element elementor-element-5ae2ddf e-flex e-con-boxed e-con e-parent\" data-id=\"5ae2ddf\" data-element_type=\"container\">\n\t\t\t\t\t<div class=\"e-con-inner\">\n\t\t\t\t<div class=\"elementor-element elementor-element-dda21ce elementor-widget elementor-widget-heading\" data-id=\"dda21ce\" data-element_type=\"widget\" data-widget_type=\"heading.default\">\n\t\t\t\t<div class=\"elementor-widget-container\">\n\t\t\t\t\t<h1 class=\"elementor-heading-title elementor-size-default\">Remin\u00e9ralisation en dentisterie p\u00e9diatrique : une approche au service de la dentisterie \u00e0 minima<\/h1>\t\t\t\t<\/div>\n\t\t\t\t<\/div>\n\t\t\t\t<div class=\"elementor-element elementor-element-8de8ca5 elementor-widget elementor-widget-heading\" data-id=\"8de8ca5\" data-element_type=\"widget\" data-widget_type=\"heading.default\">\n\t\t\t\t<div class=\"elementor-widget-container\">\n\t\t\t\t\t<p class=\"elementor-heading-title elementor-size-default\">Soci\u00e9t\u00e9 de M\u00e9decine Dentaire | Dr Tania Vanh\u00e9e &amp; Dr Maha Daou<\/p>\t\t\t\t<\/div>\n\t\t\t\t<\/div>\n\t\t\t\t\t<\/div>\n\t\t\t\t<\/div>\n\t\t<div class=\"elementor-element elementor-element-cc9cda3 e-flex e-con-boxed e-con e-parent\" data-id=\"cc9cda3\" data-element_type=\"container\">\n\t\t\t\t\t<div class=\"e-con-inner\">\n\t\t<div class=\"elementor-element elementor-element-260cf93 e-con-full e-flex e-con e-child\" data-id=\"260cf93\" data-element_type=\"container\" data-settings=\"{&quot;background_background&quot;:&quot;classic&quot;}\">\n\t\t<div class=\"elementor-element elementor-element-69d25de e-con-full e-flex e-con e-child\" data-id=\"69d25de\" data-element_type=\"container\" data-settings=\"{&quot;background_background&quot;:&quot;classic&quot;}\">\n\t\t\t\t<div class=\"elementor-element elementor-element-6da6b85 elementor-widget elementor-widget-heading\" data-id=\"6da6b85\" data-element_type=\"widget\" data-widget_type=\"heading.default\">\n\t\t\t\t<div class=\"elementor-widget-container\">\n\t\t\t\t\t<h2 class=\"elementor-heading-title elementor-size-default\">Praktische informatie<\/h2>\t\t\t\t<\/div>\n\t\t\t\t<\/div>\n\t\t\t\t<div class=\"elementor-element elementor-element-2ec7118 elementor-icon-list--layout-traditional elementor-list-item-link-full_width elementor-widget elementor-widget-icon-list\" data-id=\"2ec7118\" data-element_type=\"widget\" data-widget_type=\"icon-list.default\">\n\t\t\t\t<div class=\"elementor-widget-container\">\n\t\t\t\t\t\t\t<ul class=\"elementor-icon-list-items\">\n\t\t\t\t\t\t\t<li class=\"elementor-icon-list-item\">\n\t\t\t\t\t\t\t\t\t\t\t<span class=\"elementor-icon-list-icon\">\n\t\t\t\t\t\t\t<i aria-hidden=\"true\" class=\"far fa-calendar-alt\"><\/i>\t\t\t\t\t\t<\/span>\n\t\t\t\t\t\t\t\t\t\t<span class=\"elementor-icon-list-text\">Vrijdag 3 oktober<\/span>\n\t\t\t\t\t\t\t\t\t<\/li>\n\t\t\t\t\t\t\t\t<li class=\"elementor-icon-list-item\">\n\t\t\t\t\t\t\t\t\t\t\t<span class=\"elementor-icon-list-icon\">\n\t\t\t\t\t\t\t<i aria-hidden=\"true\" class=\"far fa-clock\"><\/i>\t\t\t\t\t\t<\/span>\n\t\t\t\t\t\t\t\t\t\t<span class=\"elementor-icon-list-text\">10:30 - 12:00<\/span>\n\t\t\t\t\t\t\t\t\t<\/li>\n\t\t\t\t\t\t\t\t<li class=\"elementor-icon-list-item\">\n\t\t\t\t\t\t\t\t\t\t\t<span class=\"elementor-icon-list-icon\">\n\t\t\t\t\t\t\t<i aria-hidden=\"true\" class=\"fas fa-map-marker-alt\"><\/i>\t\t\t\t\t\t<\/span>\n\t\t\t\t\t\t\t\t\t\t<span class=\"elementor-icon-list-text\">Dental dome<\/span>\n\t\t\t\t\t\t\t\t\t<\/li>\n\t\t\t\t\t\t<\/ul>\n\t\t\t\t\t\t<\/div>\n\t\t\t\t<\/div>\n\t\t\t\t<\/div>\n\t\t<div class=\"elementor-element elementor-element-8e6eb91 e-con-full e-flex e-con e-child\" data-id=\"8e6eb91\" data-element_type=\"container\" data-settings=\"{&quot;background_background&quot;:&quot;classic&quot;}\">\n\t\t\t\t<div class=\"elementor-element elementor-element-b6a2efd elementor-widget elementor-widget-heading\" data-id=\"b6a2efd\" data-element_type=\"widget\" data-widget_type=\"heading.default\">\n\t\t\t\t<div class=\"elementor-widget-container\">\n\t\t\t\t\t<h2 class=\"elementor-heading-title elementor-size-default\">Spreker<\/h2>\t\t\t\t<\/div>\n\t\t\t\t<\/div>\n\t\t\t\t<div class=\"elementor-element elementor-element-670c26d elementor-widget elementor-widget-heading\" data-id=\"670c26d\" data-element_type=\"widget\" data-widget_type=\"heading.default\">\n\t\t\t\t<div class=\"elementor-widget-container\">\n\t\t\t\t\t<h4 class=\"elementor-heading-title elementor-size-default\">Dr Tania Vanh\u00e9e &amp; Dr Maha Daou<\/h4>\t\t\t\t<\/div>\n\t\t\t\t<\/div>\n\t\t\t\t<div class=\"elementor-element elementor-element-a73fcdc elementor-widget elementor-widget-heading\" data-id=\"a73fcdc\" data-element_type=\"widget\" data-widget_type=\"heading.default\">\n\t\t\t\t<div class=\"elementor-widget-container\">\n\t\t\t\t\t<p class=\"elementor-heading-title elementor-size-default\">Soci\u00e9t\u00e9 de M\u00e9decine Dentaire<\/p>\t\t\t\t<\/div>\n\t\t\t\t<\/div>\n\t\t\t\t<\/div>\n\t\t<div class=\"elementor-element elementor-element-5ae6eca e-flex e-con-boxed e-con e-child\" data-id=\"5ae6eca\" data-element_type=\"container\">\n\t\t\t\t\t<div class=\"e-con-inner\">\n\t\t\t\t<div class=\"elementor-element elementor-element-df2a4b0 elementor-align-center elementor-mobile-align-center elementor-widget elementor-widget-button\" data-id=\"df2a4b0\" data-element_type=\"widget\" data-widget_type=\"button.default\">\n\t\t\t\t<div class=\"elementor-widget-container\">\n\t\t\t\t\t\t\t\t\t<div class=\"elementor-button-wrapper\">\n\t\t\t\t\t<a class=\"elementor-button elementor-size-sm\" role=\"button\">\n\t\t\t\t\t\t<span class=\"elementor-button-content-wrapper\">\n\t\t\t\t\t\t<span class=\"elementor-button-icon\">\n\t\t\t\t<i aria-hidden=\"true\" class=\"fas fa-chevron-left\"><\/i>\t\t\t<\/span>\n\t\t\t\t\t\t\t\t\t<span class=\"elementor-button-text\">Programma<\/span>\n\t\t\t\t\t<\/span>\n\t\t\t\t\t<\/a>\n\t\t\t\t<\/div>\n\t\t\t\t\t\t\t\t<\/div>\n\t\t\t\t<\/div>\n\t\t\t\t\t<\/div>\n\t\t\t\t<\/div>\n\t\t\t\t<\/div>\n\t\t<div class=\"elementor-element elementor-element-29ccc43 e-con-full e-flex e-con e-child\" data-id=\"29ccc43\" data-element_type=\"container\">\n\t\t\t\t<div class=\"elementor-element elementor-element-5f5523b elementor-widget elementor-widget-text-editor\" data-id=\"5f5523b\" data-element_type=\"widget\" data-widget_type=\"text-editor.default\">\n\t\t\t\t<div class=\"elementor-widget-container\">\n\t\t\t\t\t\t\t\t\t<p>Dans un contexte bucco-dentaire sp\u00e9cifique \u00e0 l\u2019enfant et \u00e0 l\u2019adolescent, marqu\u00e9 par l\u2019immaturit\u00e9 de l\u2019\u00e9mail, une susceptibilit\u00e9 accrue \u00e0 la carie et des facteurs comportementaux variables, les approches th\u00e9rapeutiques ont progressivement \u00e9volu\u00e9 vers des strat\u00e9gies pr\u00e9ventives et conservatrices. Dans cette perspective, la remin\u00e9ralisation occupe une place essentielle en dentisterie p\u00e9diatrique moderne, en parfaite ad\u00e9quation avec les principes de la dentisterie a minima.<br \/>Les agents remin\u00e9ralisants, tels que la cas\u00e9ine phosphopeptide amorphe calcium phosphate (CPP-ACP), la CPP-ACPF, les biomat\u00e9riaux bioactifs et le fluorure diamine d\u2019argent (SDF), jouent un r\u00f4le cl\u00e9 en favorisant la recharge min\u00e9rale, en inhibant les ph\u00e9nom\u00e8nes de d\u00e9min\u00e9ralisation et en renfor\u00e7ant la r\u00e9sistance de l\u2019\u00e9mail. Leur utilisation s\u2019inscrit dans une approche globale reposant sur une \u00e9valuation individualis\u00e9e du risque carieux, la modification des habitudes alimentaires et d\u2019hygi\u00e8ne, ainsi que des applications topiques r\u00e9p\u00e9t\u00e9es.<br \/>La prise en charge des l\u00e9sions carieuses non cavitaires repose sur une surveillance clinique active et des protocoles non invasifs visant \u00e0 stopper, voire inverser, le processus carieux. Par ailleurs, certaines l\u00e9sions cavitaires limit\u00e9es \u00e0 l\u2019\u00e9mail peuvent \u00eatre stabilis\u00e9es ou scell\u00e9es, permettant ainsi d\u2019\u00e9viter des interventions restauratrices pr\u00e9coces. Cette approche contribue \u00e0 r\u00e9duire le stress op\u00e9ratoire chez l\u2019enfant tout en pr\u00e9servant le capital tissulaire.<br \/>Ainsi, la remin\u00e9ralisation s\u2019impose comme un levier essentiel pour instaurer pr\u00e9cocement une sant\u00e9 bucco-dentaire durable.<br \/>L\u2019objectif de cette pr\u00e9sentation est de d\u00e9crire les m\u00e9canismes de la remin\u00e9ralisation, d\u2019identifier les sp\u00e9cificit\u00e9s du contexte p\u00e9diatrique influen\u00e7ant le processus carieux, de comparer les principaux agents remin\u00e9ralisants et de pr\u00e9ciser leurs indications cliniques, ainsi que d\u2019int\u00e9grer ces approches dans une strat\u00e9gie globale de gestion du risque carieux et de dentisterie non invasive et\/ou minimalement invasive.<\/p>\t\t\t\t\t\t\t\t<\/div>\n\t\t\t\t<\/div>\n\t\t\t\t<\/div>\n\t\t\t\t\t<\/div>\n\t\t\t\t<\/div>\n\t\t\t\t<\/div>\n\t\t","protected":false},"excerpt":{"rendered":"<p>Remin\u00e9ralisation en dentisterie p\u00e9diatrique : une approche au service de la dentisterie \u00e0 minima Soci\u00e9t\u00e9 de M\u00e9decine Dentaire | Dr Tania Vanh\u00e9e &amp; Dr Maha Daou Praktische informatie Vrijdag 3 oktober 10:30 &#8211; 12:00 Dental dome Spreker Dr Tania Vanh\u00e9e &amp; Dr Maha Daou Soci\u00e9t\u00e9 de M\u00e9decine Dentaire Programma Dans un contexte bucco-dentaire sp\u00e9cifique \u00e0 [&hellip;]<\/p>\n","protected":false},"author":872,"featured_media":0,"parent":0,"menu_order":0,"comment_status":"closed","ping_status":"closed","template":"","meta":{"_seopress_robots_primary_cat":"","_seopress_titles_title":"","_seopress_titles_desc":"","_seopress_robots_index":"","footnotes":""},"class_list":["post-93844","page","type-page","status-publish","hentry"],"_links":{"self":[{"href":"https:\/\/www.dentex.be\/nl\/wp-json\/wp\/v2\/pages\/93844","targetHints":{"allow":["GET"]}}],"collection":[{"href":"https:\/\/www.dentex.be\/nl\/wp-json\/wp\/v2\/pages"}],"about":[{"href":"https:\/\/www.dentex.be\/nl\/wp-json\/wp\/v2\/types\/page"}],"author":[{"embeddable":true,"href":"https:\/\/www.dentex.be\/nl\/wp-json\/wp\/v2\/users\/872"}],"replies":[{"embeddable":true,"href":"https:\/\/www.dentex.be\/nl\/wp-json\/wp\/v2\/comments?post=93844"}],"version-history":[{"count":5,"href":"https:\/\/www.dentex.be\/nl\/wp-json\/wp\/v2\/pages\/93844\/revisions"}],"predecessor-version":[{"id":94110,"href":"https:\/\/www.dentex.be\/nl\/wp-json\/wp\/v2\/pages\/93844\/revisions\/94110"}],"wp:attachment":[{"href":"https:\/\/www.dentex.be\/nl\/wp-json\/wp\/v2\/media?parent=93844"}],"curies":[{"name":"wp","href":"https:\/\/api.w.org\/{rel}","templated":true}]}}