{"id":93824,"date":"2026-05-07T15:55:01","date_gmt":"2026-05-07T13:55:01","guid":{"rendered":"https:\/\/www.dentex.be\/?page_id=93824"},"modified":"2026-05-07T15:56:54","modified_gmt":"2026-05-07T13:56:54","slug":"dentisterie-a-minima-en-odontologie-pediatrique-principes-strategies-et-materiaux","status":"publish","type":"page","link":"https:\/\/www.dentex.be\/nl\/dentisterie-a-minima-en-odontologie-pediatrique-principes-strategies-et-materiaux\/","title":{"rendered":"Sessie &#8211; Dentisterie \u00e0 minima en odontologie p\u00e9diatrique : principes, strat\u00e9gies et mat\u00e9riaux"},"content":{"rendered":"\t\t<div data-elementor-type=\"wp-page\" data-elementor-id=\"93824\" class=\"elementor elementor-93824\" data-elementor-post-type=\"page\">\n\t\t\t\t<div class=\"elementor-element elementor-element-5ae2ddf e-flex e-con-boxed e-con e-parent\" data-id=\"5ae2ddf\" data-element_type=\"container\">\n\t\t\t\t\t<div class=\"e-con-inner\">\n\t\t\t\t<div class=\"elementor-element elementor-element-dda21ce elementor-widget elementor-widget-heading\" data-id=\"dda21ce\" data-element_type=\"widget\" data-widget_type=\"heading.default\">\n\t\t\t\t<div class=\"elementor-widget-container\">\n\t\t\t\t\t<h1 class=\"elementor-heading-title elementor-size-default\">Dentisterie \u00e0 minima en odontologie p\u00e9diatrique : principes, strat\u00e9gies et mat\u00e9riaux<\/h1>\t\t\t\t<\/div>\n\t\t\t\t<\/div>\n\t\t\t\t<div class=\"elementor-element elementor-element-8de8ca5 elementor-widget elementor-widget-heading\" data-id=\"8de8ca5\" data-element_type=\"widget\" data-widget_type=\"heading.default\">\n\t\t\t\t<div class=\"elementor-widget-container\">\n\t\t\t\t\t<p class=\"elementor-heading-title elementor-size-default\">Soci\u00e9t\u00e9 de M\u00e9decine Dentaire | Dr Tania Vanh\u00e9e &amp; Dr Maha Daou<\/p>\t\t\t\t<\/div>\n\t\t\t\t<\/div>\n\t\t\t\t\t<\/div>\n\t\t\t\t<\/div>\n\t\t<div class=\"elementor-element elementor-element-cc9cda3 e-flex e-con-boxed e-con e-parent\" data-id=\"cc9cda3\" data-element_type=\"container\">\n\t\t\t\t\t<div class=\"e-con-inner\">\n\t\t<div class=\"elementor-element elementor-element-260cf93 e-con-full e-flex e-con e-child\" data-id=\"260cf93\" data-element_type=\"container\" data-settings=\"{&quot;background_background&quot;:&quot;classic&quot;}\">\n\t\t<div class=\"elementor-element elementor-element-69d25de e-con-full e-flex e-con e-child\" data-id=\"69d25de\" data-element_type=\"container\" data-settings=\"{&quot;background_background&quot;:&quot;classic&quot;}\">\n\t\t\t\t<div class=\"elementor-element elementor-element-6da6b85 elementor-widget elementor-widget-heading\" data-id=\"6da6b85\" data-element_type=\"widget\" data-widget_type=\"heading.default\">\n\t\t\t\t<div class=\"elementor-widget-container\">\n\t\t\t\t\t<h2 class=\"elementor-heading-title elementor-size-default\">Praktische informatie<\/h2>\t\t\t\t<\/div>\n\t\t\t\t<\/div>\n\t\t\t\t<div class=\"elementor-element elementor-element-2ec7118 elementor-icon-list--layout-traditional elementor-list-item-link-full_width elementor-widget elementor-widget-icon-list\" data-id=\"2ec7118\" data-element_type=\"widget\" data-widget_type=\"icon-list.default\">\n\t\t\t\t<div class=\"elementor-widget-container\">\n\t\t\t\t\t\t\t<ul class=\"elementor-icon-list-items\">\n\t\t\t\t\t\t\t<li class=\"elementor-icon-list-item\">\n\t\t\t\t\t\t\t\t\t\t\t<span class=\"elementor-icon-list-icon\">\n\t\t\t\t\t\t\t<i aria-hidden=\"true\" class=\"far fa-calendar-alt\"><\/i>\t\t\t\t\t\t<\/span>\n\t\t\t\t\t\t\t\t\t\t<span class=\"elementor-icon-list-text\">Zaterdag 3 oktober<\/span>\n\t\t\t\t\t\t\t\t\t<\/li>\n\t\t\t\t\t\t\t\t<li class=\"elementor-icon-list-item\">\n\t\t\t\t\t\t\t\t\t\t\t<span class=\"elementor-icon-list-icon\">\n\t\t\t\t\t\t\t<i aria-hidden=\"true\" class=\"far fa-clock\"><\/i>\t\t\t\t\t\t<\/span>\n\t\t\t\t\t\t\t\t\t\t<span class=\"elementor-icon-list-text\">14:00 - 15:30<\/span>\n\t\t\t\t\t\t\t\t\t<\/li>\n\t\t\t\t\t\t\t\t<li class=\"elementor-icon-list-item\">\n\t\t\t\t\t\t\t\t\t\t\t<span class=\"elementor-icon-list-icon\">\n\t\t\t\t\t\t\t<i aria-hidden=\"true\" class=\"fas fa-map-marker-alt\"><\/i>\t\t\t\t\t\t<\/span>\n\t\t\t\t\t\t\t\t\t\t<span class=\"elementor-icon-list-text\">Main stage<\/span>\n\t\t\t\t\t\t\t\t\t<\/li>\n\t\t\t\t\t\t<\/ul>\n\t\t\t\t\t\t<\/div>\n\t\t\t\t<\/div>\n\t\t\t\t<\/div>\n\t\t<div class=\"elementor-element elementor-element-8e6eb91 e-con-full e-flex e-con e-child\" data-id=\"8e6eb91\" data-element_type=\"container\" data-settings=\"{&quot;background_background&quot;:&quot;classic&quot;}\">\n\t\t\t\t<div class=\"elementor-element elementor-element-b6a2efd elementor-widget elementor-widget-heading\" data-id=\"b6a2efd\" data-element_type=\"widget\" data-widget_type=\"heading.default\">\n\t\t\t\t<div class=\"elementor-widget-container\">\n\t\t\t\t\t<h2 class=\"elementor-heading-title elementor-size-default\">Spreker<\/h2>\t\t\t\t<\/div>\n\t\t\t\t<\/div>\n\t\t\t\t<div class=\"elementor-element elementor-element-670c26d elementor-widget elementor-widget-heading\" data-id=\"670c26d\" data-element_type=\"widget\" data-widget_type=\"heading.default\">\n\t\t\t\t<div class=\"elementor-widget-container\">\n\t\t\t\t\t<h4 class=\"elementor-heading-title elementor-size-default\">Dr  Tania Vanh\u00e9e &amp; Dr Maha Daou<\/h4>\t\t\t\t<\/div>\n\t\t\t\t<\/div>\n\t\t\t\t<div class=\"elementor-element elementor-element-a73fcdc elementor-widget elementor-widget-heading\" data-id=\"a73fcdc\" data-element_type=\"widget\" data-widget_type=\"heading.default\">\n\t\t\t\t<div class=\"elementor-widget-container\">\n\t\t\t\t\t<p class=\"elementor-heading-title elementor-size-default\">Soci\u00e9t\u00e9 de M\u00e9decine Dentaire<\/p>\t\t\t\t<\/div>\n\t\t\t\t<\/div>\n\t\t\t\t<\/div>\n\t\t<div class=\"elementor-element elementor-element-5ae6eca e-flex e-con-boxed e-con e-child\" data-id=\"5ae6eca\" data-element_type=\"container\">\n\t\t\t\t\t<div class=\"e-con-inner\">\n\t\t\t\t<div class=\"elementor-element elementor-element-df2a4b0 elementor-align-center elementor-mobile-align-center elementor-widget elementor-widget-button\" data-id=\"df2a4b0\" data-element_type=\"widget\" data-widget_type=\"button.default\">\n\t\t\t\t<div class=\"elementor-widget-container\">\n\t\t\t\t\t\t\t\t\t<div class=\"elementor-button-wrapper\">\n\t\t\t\t\t<a class=\"elementor-button elementor-size-sm\" role=\"button\">\n\t\t\t\t\t\t<span class=\"elementor-button-content-wrapper\">\n\t\t\t\t\t\t<span class=\"elementor-button-icon\">\n\t\t\t\t<i aria-hidden=\"true\" class=\"fas fa-chevron-left\"><\/i>\t\t\t<\/span>\n\t\t\t\t\t\t\t\t\t<span class=\"elementor-button-text\">Programma<\/span>\n\t\t\t\t\t<\/span>\n\t\t\t\t\t<\/a>\n\t\t\t\t<\/div>\n\t\t\t\t\t\t\t\t<\/div>\n\t\t\t\t<\/div>\n\t\t\t\t\t<\/div>\n\t\t\t\t<\/div>\n\t\t\t\t<\/div>\n\t\t<div class=\"elementor-element elementor-element-29ccc43 e-con-full e-flex e-con e-child\" data-id=\"29ccc43\" data-element_type=\"container\">\n\t\t\t\t<div class=\"elementor-element elementor-element-5f5523b elementor-widget elementor-widget-text-editor\" data-id=\"5f5523b\" data-element_type=\"widget\" data-widget_type=\"text-editor.default\">\n\t\t\t\t<div class=\"elementor-widget-container\">\n\t\t\t\t\t\t\t\t\t<p>La dentisterie \u00e0 minima en odontologie p\u00e9diatrique s\u2019inscrit dans une approche globale, pr\u00e9ventive et personnalis\u00e9e, int\u00e9grant \u00e0 la fois les avanc\u00e9es en cariologie, en science des biomat\u00e9riaux et en gestion du comportement de l\u2019enfant. Elle constitue une \u00e9volution majeure vers des soins plus respectueux des tissus, mieux accept\u00e9s par les patients et orient\u00e9s vers la durabilit\u00e9 des r\u00e9sultats cliniques.<\/p><p>Cette pr\u00e9sentation a pour objectif de d\u00e9finir les principes fondamentaux de la dentisterie \u00e0 minima et d\u2019en pr\u00e9ciser l\u2019application en odontologie p\u00e9diatrique, en tenant compte des sp\u00e9cificit\u00e9s et comportementales propres \u00e0 l\u2019enfant. Elle vise \u00e9galement \u00e0 d\u00e9crire les diff\u00e9rentes strat\u00e9gies th\u00e9rapeutiques. Par ailleurs, cette pr\u00e9sentation a pour ambition d\u2019analyser les mat\u00e9riaux utilis\u00e9s dans ce contexte, en soulignant leurs propri\u00e9t\u00e9s, leurs indications et leurs limites.<\/p>\t\t\t\t\t\t\t\t<\/div>\n\t\t\t\t<\/div>\n\t\t\t\t<\/div>\n\t\t\t\t\t<\/div>\n\t\t\t\t<\/div>\n\t\t\t\t<\/div>\n\t\t","protected":false},"excerpt":{"rendered":"<p>Dentisterie \u00e0 minima en odontologie p\u00e9diatrique : principes, strat\u00e9gies et mat\u00e9riaux Soci\u00e9t\u00e9 de M\u00e9decine Dentaire | Dr Tania Vanh\u00e9e &amp; Dr Maha Daou Praktische informatie Zaterdag 3 oktober 14:00 &#8211; 15:30 Main stage Spreker Dr Tania Vanh\u00e9e &amp; Dr Maha Daou Soci\u00e9t\u00e9 de M\u00e9decine Dentaire Programma La dentisterie \u00e0 minima en odontologie p\u00e9diatrique s\u2019inscrit dans [&hellip;]<\/p>\n","protected":false},"author":872,"featured_media":0,"parent":0,"menu_order":0,"comment_status":"closed","ping_status":"closed","template":"","meta":{"_seopress_robots_primary_cat":"","_seopress_titles_title":"","_seopress_titles_desc":"","_seopress_robots_index":"","footnotes":""},"class_list":["post-93824","page","type-page","status-publish","hentry"],"_links":{"self":[{"href":"https:\/\/www.dentex.be\/nl\/wp-json\/wp\/v2\/pages\/93824","targetHints":{"allow":["GET"]}}],"collection":[{"href":"https:\/\/www.dentex.be\/nl\/wp-json\/wp\/v2\/pages"}],"about":[{"href":"https:\/\/www.dentex.be\/nl\/wp-json\/wp\/v2\/types\/page"}],"author":[{"embeddable":true,"href":"https:\/\/www.dentex.be\/nl\/wp-json\/wp\/v2\/users\/872"}],"replies":[{"embeddable":true,"href":"https:\/\/www.dentex.be\/nl\/wp-json\/wp\/v2\/comments?post=93824"}],"version-history":[{"count":5,"href":"https:\/\/www.dentex.be\/nl\/wp-json\/wp\/v2\/pages\/93824\/revisions"}],"predecessor-version":[{"id":93961,"href":"https:\/\/www.dentex.be\/nl\/wp-json\/wp\/v2\/pages\/93824\/revisions\/93961"}],"wp:attachment":[{"href":"https:\/\/www.dentex.be\/nl\/wp-json\/wp\/v2\/media?parent=93824"}],"curies":[{"name":"wp","href":"https:\/\/api.w.org\/{rel}","templated":true}]}}