{"id":2844,"date":"2021-08-19T09:12:47","date_gmt":"2021-08-19T07:12:47","guid":{"rendered":"https:\/\/www.dentex.be\/?page_id=2844"},"modified":"2026-02-23T17:37:53","modified_gmt":"2026-02-23T16:37:53","slug":"dentex-news","status":"publish","type":"page","link":"https:\/\/www.dentex.be\/nl\/dentex-news\/","title":{"rendered":"dentex news"},"content":{"rendered":"\t\t<div data-elementor-type=\"wp-post\" data-elementor-id=\"2844\" class=\"elementor elementor-2844\" data-elementor-post-type=\"page\">\n\t\t\t\t<div class=\"elementor-element elementor-element-95ec0a2 e-flex e-con-boxed e-con e-parent\" data-id=\"95ec0a2\" data-element_type=\"container\">\n\t\t\t\t\t<div class=\"e-con-inner\">\n\t\t\t\t<div class=\"elementor-element elementor-element-f999562 elementor-widget elementor-widget-heading\" data-id=\"f999562\" data-element_type=\"widget\" data-widget_type=\"heading.default\">\n\t\t\t\t<div class=\"elementor-widget-container\">\n\t\t\t\t\t<h1 class=\"elementor-heading-title elementor-size-default\">Dentex news<\/h1>\t\t\t\t<\/div>\n\t\t\t\t<\/div>\n\t\t\t\t\t<\/div>\n\t\t\t\t<\/div>\n\t\t<div class=\"elementor-element elementor-element-c1d8b0b e-flex e-con-boxed e-con e-parent\" data-id=\"c1d8b0b\" data-element_type=\"container\">\n\t\t\t\t\t<div class=\"e-con-inner\">\n\t\t<div class=\"elementor-element elementor-element-5121475 e-con-full e-flex e-con e-child\" data-id=\"5121475\" data-element_type=\"container\">\n\t\t\t\t<div class=\"elementor-element elementor-element-114c2a0 premium-blog-align-left elementor-widget elementor-widget-premium-addon-blog\" data-id=\"114c2a0\" data-element_type=\"widget\" data-settings=\"{&quot;force_height&quot;:&quot;true&quot;,&quot;premium_blog_columns_number&quot;:&quot;33.33%&quot;,&quot;premium_blog_infinite_scroll&quot;:&quot;yes&quot;,&quot;premium_blog_grid&quot;:&quot;yes&quot;,&quot;premium_blog_layout&quot;:&quot;even&quot;,&quot;premium_blog_columns_number_tablet&quot;:&quot;50%&quot;,&quot;premium_blog_columns_number_mobile&quot;:&quot;100%&quot;}\" data-widget_type=\"premium-addon-blog.default\">\n\t\t\t\t<div class=\"elementor-widget-container\">\n\t\t\t\t\t\r\n\t\t\t\t<div class=\"premium-blog-wrap  premium-blog-even\" data-page=\"2844\">\r\n\t\t\t\t\t<article class=\"premium-blog-post-outer-container\" data-total=\"1\">\r\n\t\t\t<div class=\"premium-blog-post-container premium-blog-skin-cards\">\r\n\t\t\t\t\t\t\t\t\t<div class=\"premium-blog-thumb-effect-wrapper\">\r\n\t\t\t\t\t\t<div class=\"premium-blog-thumbnail-container premium-blog-zoomin-effect\">\r\n\t\t\t\t\t\t\t\t\t\t\t<a href=\"https:\/\/www.dentex.be\/nl\/tandartsen-check-de-identiteit-van-uw-patienten-bij-derdebetaler\/\" target=\"_self\">\r\n\t\t\t\t<img fetchpriority=\"high\" decoding=\"async\" width=\"1920\" height=\"751\" src=\"https:\/\/easyfairsassets.com\/sites\/387\/2026\/04\/INAMI-26-36842-Banner-dentiste-2000x782-NL-270324-lm-r2.jpg\" class=\"attachment-full size-full wp-image-93665\" alt=\"inami 26 36842 banner dentiste 2000x782 nl 270324 lm r2\" srcset=\"https:\/\/easyfairsassets.com\/sites\/387\/2026\/04\/INAMI-26-36842-Banner-dentiste-2000x782-NL-270324-lm-r2.jpg 1920w, https:\/\/easyfairsassets.com\/sites\/387\/2026\/04\/INAMI-26-36842-Banner-dentiste-2000x782-NL-270324-lm-r2-300x117.jpg 300w, https:\/\/easyfairsassets.com\/sites\/387\/2026\/04\/INAMI-26-36842-Banner-dentiste-2000x782-NL-270324-lm-r2-1024x401.jpg 1024w, https:\/\/easyfairsassets.com\/sites\/387\/2026\/04\/INAMI-26-36842-Banner-dentiste-2000x782-NL-270324-lm-r2-768x300.jpg 768w, https:\/\/easyfairsassets.com\/sites\/387\/2026\/04\/INAMI-26-36842-Banner-dentiste-2000x782-NL-270324-lm-r2-1536x601.jpg 1536w\" sizes=\"(max-width: 1920px) 100vw, 1920px\" \/>\t\t\t\t<\/a>\r\n\t\t\t\t\t\t\t\t\t\t<\/div>\r\n\t\t\t\t\t\t\t\t\t\t\t\t\t<div class=\"premium-blog-effect-container premium-blog-diagonal-effect\">\r\n\t\t\t\t\t\t\t\t<a class=\"premium-blog-post-link\" href=\"https:\/\/www.dentex.be\/nl\/tandartsen-check-de-identiteit-van-uw-patienten-bij-derdebetaler\/\" target=\"_self\"><span>Tandartsen: check de identiteit van uw pati\u00ebnten bij derdebetaler<\/span><\/a>\r\n\t\t\t\t\t\t\t\t\t\t\t\t\t\t\t<\/div>\r\n\t\t\t\t\t\t\t\t\t\t\t<\/div>\r\n\t\t\t\t\t\t\t\t\t\t\t\t\t\t\t\t\t\t\t\t\t<div class=\"premium-blog-content-wrapper \">\r\n\r\n\t\t\t\t\t<div class=\"premium-blog-inner-container\">\r\n\r\n\t\t\t\t\t\t\t\t\t\t\t\t\t\t<h3 class=\"premium-blog-entry-title\">\r\n\t\t\t<a href=\"https:\/\/www.dentex.be\/nl\/tandartsen-check-de-identiteit-van-uw-patienten-bij-derdebetaler\/\" target=\"_self\">\r\n\t\t\t\tTandartsen: check de identiteit van uw pati\u00ebnten bij derdebetaler\t\t\t<\/a>\r\n\t\t<\/h3>\r\n\t\t\r\n\t\t\t\t\t<\/div>\r\n\r\n\t\t\t\t\t\t\t<div class=\"premium-blog-content-inner-wrapper\">\r\n\t\t<p class=\"premium-blog-post-content\">Als tandarts zal u vanaf 1 oktober 2026 verplicht zijn om bij elk pati\u00ebntencontact de identiteit van uw pati\u00ebnten te verifi\u00ebren als \u2026<\/p>\t\t<\/div>\r\n\t\t\t\t<div class=\"premium-blog-entry-meta\">\r\n\t\t\t\r\n\t\t\t\r\n\t\t\t\t\t\t\t<span class=\"premium-blog-meta-separator\">\u2022<\/span>\r\n\t\t\t\t<div class=\"premium-blog-post-categories premium-blog-meta-data\">\r\n\t\t\t\t\t<i class=\"fa fa-align-left fa-fw\" aria-hidden=\"true\"><\/i>\r\n\t\t\t\t\t<a href=\"https:\/\/www.dentex.be\/nl\/category\/dentex-news\/sectornieuws\/\" rel=\"category tag\">sectornieuws<\/a>\t\t\t\t<\/div>\r\n\t\t\t\r\n\t\t\t\t\t<\/div>\r\n\t\t\t\t\t\t\t\r\n\t\t\t\t<\/div>\r\n\t\t\t<\/div>\r\n\t\t<\/article>\r\n\r\n\t\t\t\t<article class=\"premium-blog-post-outer-container\" data-total=\"1\">\r\n\t\t\t<div class=\"premium-blog-post-container premium-blog-skin-cards\">\r\n\t\t\t\t\t\t\t\t\t<div class=\"premium-blog-thumb-effect-wrapper\">\r\n\t\t\t\t\t\t<div class=\"premium-blog-thumbnail-container premium-blog-zoomin-effect\">\r\n\t\t\t\t\t\t\t\t\t\t\t<a href=\"https:\/\/www.dentex.be\/nl\/trends-in-de-dentale-sector-2\/\" target=\"_self\">\r\n\t\t\t\t<img decoding=\"async\" width=\"1280\" height=\"854\" src=\"https:\/\/easyfairsassets.com\/sites\/387\/2022\/11\/pexels-karolina-grabowska-4202924-e1669280231516.jpg\" class=\"attachment-full size-full wp-image-52398\" alt=\"pexels karolina grabowska 4202924\" srcset=\"https:\/\/easyfairsassets.com\/sites\/387\/2022\/11\/pexels-karolina-grabowska-4202924-e1669280231516.jpg 1280w, https:\/\/easyfairsassets.com\/sites\/387\/2022\/11\/pexels-karolina-grabowska-4202924-e1669280231516-300x200.jpg 300w, https:\/\/easyfairsassets.com\/sites\/387\/2022\/11\/pexels-karolina-grabowska-4202924-e1669280231516-1024x683.jpg 1024w, https:\/\/easyfairsassets.com\/sites\/387\/2022\/11\/pexels-karolina-grabowska-4202924-e1669280231516-768x512.jpg 768w\" sizes=\"(max-width: 1280px) 100vw, 1280px\" \/>\t\t\t\t<\/a>\r\n\t\t\t\t\t\t\t\t\t\t<\/div>\r\n\t\t\t\t\t\t\t\t\t\t\t\t\t<div class=\"premium-blog-effect-container premium-blog-diagonal-effect\">\r\n\t\t\t\t\t\t\t\t<a class=\"premium-blog-post-link\" href=\"https:\/\/www.dentex.be\/nl\/trends-in-de-dentale-sector-2\/\" target=\"_self\"><span>Trends in de dentale sector<\/span><\/a>\r\n\t\t\t\t\t\t\t\t\t\t\t\t\t\t\t<\/div>\r\n\t\t\t\t\t\t\t\t\t\t\t<\/div>\r\n\t\t\t\t\t\t\t\t\t\t\t\t\t\t\t\t\t\t\t\t\t<div class=\"premium-blog-content-wrapper \">\r\n\r\n\t\t\t\t\t<div class=\"premium-blog-inner-container\">\r\n\r\n\t\t\t\t\t\t\t\t\t\t\t\t\t\t<h3 class=\"premium-blog-entry-title\">\r\n\t\t\t<a href=\"https:\/\/www.dentex.be\/nl\/trends-in-de-dentale-sector-2\/\" target=\"_self\">\r\n\t\t\t\tTrends in de dentale sector\t\t\t<\/a>\r\n\t\t<\/h3>\r\n\t\t\r\n\t\t\t\t\t<\/div>\r\n\r\n\t\t\t\t\t\t\t<div class=\"premium-blog-content-inner-wrapper\">\r\n\t\t<p class=\"premium-blog-post-content\">In veel sectoren zijn er grote veranderingen op komst, zo ook in de dentale sector.\u00a0Maar wat zijn de trends binnen de dentale \u2026<\/p>\t\t<\/div>\r\n\t\t\t\t<div class=\"premium-blog-entry-meta\">\r\n\t\t\t\r\n\t\t\t\r\n\t\t\t\t\t\t\t<span class=\"premium-blog-meta-separator\">\u2022<\/span>\r\n\t\t\t\t<div class=\"premium-blog-post-categories premium-blog-meta-data\">\r\n\t\t\t\t\t<i class=\"fa fa-align-left fa-fw\" aria-hidden=\"true\"><\/i>\r\n\t\t\t\t\t<a href=\"https:\/\/www.dentex.be\/nl\/category\/dentex-news\/sectornieuws\/\" rel=\"category tag\">sectornieuws<\/a>\t\t\t\t<\/div>\r\n\t\t\t\r\n\t\t\t\t\t<\/div>\r\n\t\t\t\t\t\t\t\r\n\t\t\t\t<\/div>\r\n\t\t\t<\/div>\r\n\t\t<\/article>\r\n\r\n\t\t\t\t<article class=\"premium-blog-post-outer-container\" data-total=\"1\">\r\n\t\t\t<div class=\"premium-blog-post-container premium-blog-skin-cards\">\r\n\t\t\t\t\t\t\t\t\t<div class=\"premium-blog-thumb-effect-wrapper\">\r\n\t\t\t\t\t\t<div class=\"premium-blog-thumbnail-container premium-blog-zoomin-effect\">\r\n\t\t\t\t\t\t\t\t\t\t\t<a href=\"https:\/\/www.dentex.be\/nl\/elementor-52311\/\" target=\"_self\">\r\n\t\t\t\t<img decoding=\"async\" width=\"1299\" height=\"604\" src=\"https:\/\/easyfairsassets.com\/sites\/387\/2022\/11\/logoLaboOne2022.gif\" class=\"attachment-full size-full wp-image-52329\" alt=\"logolaboone2022\" \/>\t\t\t\t<\/a>\r\n\t\t\t\t\t\t\t\t\t\t<\/div>\r\n\t\t\t\t\t\t\t\t\t\t\t\t\t<div class=\"premium-blog-effect-container premium-blog-diagonal-effect\">\r\n\t\t\t\t\t\t\t\t<a class=\"premium-blog-post-link\" href=\"https:\/\/www.dentex.be\/nl\/elementor-52311\/\" target=\"_self\"><span>LABO ONE &#8211; BELGIUM DENTAL<\/span><\/a>\r\n\t\t\t\t\t\t\t\t\t\t\t\t\t\t\t<\/div>\r\n\t\t\t\t\t\t\t\t\t\t\t<\/div>\r\n\t\t\t\t\t\t\t\t\t\t\t\t\t\t\t\t\t\t\t\t\t<div class=\"premium-blog-content-wrapper \">\r\n\r\n\t\t\t\t\t<div class=\"premium-blog-inner-container\">\r\n\r\n\t\t\t\t\t\t\t\t\t\t\t\t\t\t<h3 class=\"premium-blog-entry-title\">\r\n\t\t\t<a href=\"https:\/\/www.dentex.be\/nl\/elementor-52311\/\" target=\"_self\">\r\n\t\t\t\tLABO ONE &#8211; BELGIUM DENTAL\t\t\t<\/a>\r\n\t\t<\/h3>\r\n\t\t\r\n\t\t\t\t\t<\/div>\r\n\r\n\t\t\t\t\t\t\t<div class=\"premium-blog-content-inner-wrapper\">\r\n\t\t<p class=\"premium-blog-post-content\">Laboratorium van *vaste* en *verwijderbare tandprothesen* sinds 20 jaar. Onlangs gevestigd in Belgi\u00eb en Luxemburg, uitgerust met de nieuwste 3shape scanners, bieden \u2026<\/p>\t\t<\/div>\r\n\t\t\t\t<div class=\"premium-blog-entry-meta\">\r\n\t\t\t\r\n\t\t\t\r\n\t\t\t\t\t\t\t<span class=\"premium-blog-meta-separator\">\u2022<\/span>\r\n\t\t\t\t<div class=\"premium-blog-post-categories premium-blog-meta-data\">\r\n\t\t\t\t\t<i class=\"fa fa-align-left fa-fw\" aria-hidden=\"true\"><\/i>\r\n\t\t\t\t\t<a href=\"https:\/\/www.dentex.be\/nl\/category\/dentex-news\/partnerflash\/\" rel=\"category tag\">partnerflash<\/a>\t\t\t\t<\/div>\r\n\t\t\t\r\n\t\t\t\t\t<\/div>\r\n\t\t\t\t\t\t\t\r\n\t\t\t\t<\/div>\r\n\t\t\t<\/div>\r\n\t\t<\/article>\r\n\r\n\t\t\t\t<article class=\"premium-blog-post-outer-container\" data-total=\"1\">\r\n\t\t\t<div class=\"premium-blog-post-container premium-blog-skin-cards\">\r\n\t\t\t\t\t\t\t\t\t<div class=\"premium-blog-thumb-effect-wrapper\">\r\n\t\t\t\t\t\t<div class=\"premium-blog-thumbnail-container premium-blog-zoomin-effect\">\r\n\t\t\t\t\t\t\t\t\t\t\t<a href=\"https:\/\/www.dentex.be\/nl\/dentex-in-beeld\/\" target=\"_self\">\r\n\t\t\t\t<img loading=\"lazy\" decoding=\"async\" width=\"1280\" height=\"561\" src=\"https:\/\/easyfairsassets.com\/sites\/387\/2022\/11\/4T2H5464-e1671031074550.jpg\" class=\"attachment-full size-full wp-image-52494\" alt=\"4t2h5464\" srcset=\"https:\/\/easyfairsassets.com\/sites\/387\/2022\/11\/4T2H5464-e1671031074550.jpg 1280w, https:\/\/easyfairsassets.com\/sites\/387\/2022\/11\/4T2H5464-e1671031074550-300x131.jpg 300w, https:\/\/easyfairsassets.com\/sites\/387\/2022\/11\/4T2H5464-e1671031074550-1024x449.jpg 1024w, https:\/\/easyfairsassets.com\/sites\/387\/2022\/11\/4T2H5464-e1671031074550-768x337.jpg 768w\" sizes=\"(max-width: 1280px) 100vw, 1280px\" \/>\t\t\t\t<\/a>\r\n\t\t\t\t\t\t\t\t\t\t<\/div>\r\n\t\t\t\t\t\t\t\t\t\t\t\t\t<div class=\"premium-blog-effect-container premium-blog-diagonal-effect\">\r\n\t\t\t\t\t\t\t\t<a class=\"premium-blog-post-link\" href=\"https:\/\/www.dentex.be\/nl\/dentex-in-beeld\/\" target=\"_self\"><span>Dentex in beeld<\/span><\/a>\r\n\t\t\t\t\t\t\t\t\t\t\t\t\t\t\t<\/div>\r\n\t\t\t\t\t\t\t\t\t\t\t<\/div>\r\n\t\t\t\t\t\t\t\t\t\t\t\t\t\t\t\t\t\t\t\t\t<div class=\"premium-blog-content-wrapper \">\r\n\r\n\t\t\t\t\t<div class=\"premium-blog-inner-container\">\r\n\r\n\t\t\t\t\t\t\t\t\t\t\t\t\t\t<h3 class=\"premium-blog-entry-title\">\r\n\t\t\t<a href=\"https:\/\/www.dentex.be\/nl\/dentex-in-beeld\/\" target=\"_self\">\r\n\t\t\t\tDentex in beeld\t\t\t<\/a>\r\n\t\t<\/h3>\r\n\t\t\r\n\t\t\t\t\t<\/div>\r\n\r\n\t\t\t\t\t\t\t<div class=\"premium-blog-content-inner-wrapper\">\r\n\t\t<p class=\"premium-blog-post-content\">De 22e editie van dentex zit erop. Gedurende drie dagen mochten we meer dan 4.750 dentale professionals verwelkomen in Paleis 5. Ze \u2026<\/p>\t\t<\/div>\r\n\t\t\t\t<div class=\"premium-blog-entry-meta\">\r\n\t\t\t\r\n\t\t\t\r\n\t\t\t\t\t\t\t<span class=\"premium-blog-meta-separator\">\u2022<\/span>\r\n\t\t\t\t<div class=\"premium-blog-post-categories premium-blog-meta-data\">\r\n\t\t\t\t\t<i class=\"fa fa-align-left fa-fw\" aria-hidden=\"true\"><\/i>\r\n\t\t\t\t\t<a href=\"https:\/\/www.dentex.be\/nl\/category\/dentex-news\/beursnieuws\/\" rel=\"category tag\">beursnieuws<\/a>\t\t\t\t<\/div>\r\n\t\t\t\r\n\t\t\t\t\t<\/div>\r\n\t\t\t\t\t\t\t\r\n\t\t\t\t<\/div>\r\n\t\t\t<\/div>\r\n\t\t<\/article>\r\n\r\n\t\t\t\t<\/div>\r\n\r\n\t\t\t\t\t\t<\/div>\n\t\t\t\t<\/div>\n\t\t\t\t<\/div>\n\t\t\t\t\t<\/div>\n\t\t\t\t<\/div>\n\t\t\t\t<\/div>\n\t\t","protected":false},"excerpt":{"rendered":"<p>Dentex news Trends in de dentale sector Trends in de dentale sector In veel sectoren zijn er grote veranderingen op komst, zo ook in de dentale sector.\u00a0Maar wat zijn de trends binnen de dentale \u2026 \u2022 sectornieuws LABO ONE &#8211; BELGIUM DENTAL LABO ONE &#8211; BELGIUM DENTAL Laboratorium van *vaste* en *verwijderbare tandprothesen* sinds 20 [&hellip;]<\/p>\n","protected":false},"author":10,"featured_media":0,"parent":0,"menu_order":0,"comment_status":"closed","ping_status":"closed","template":"","meta":{"_seopress_robots_primary_cat":"","_seopress_titles_title":"dentex news","_seopress_titles_desc":"","_seopress_robots_index":"","footnotes":""},"class_list":["post-2844","page","type-page","status-publish","hentry"],"_links":{"self":[{"href":"https:\/\/www.dentex.be\/nl\/wp-json\/wp\/v2\/pages\/2844","targetHints":{"allow":["GET"]}}],"collection":[{"href":"https:\/\/www.dentex.be\/nl\/wp-json\/wp\/v2\/pages"}],"about":[{"href":"https:\/\/www.dentex.be\/nl\/wp-json\/wp\/v2\/types\/page"}],"author":[{"embeddable":true,"href":"https:\/\/www.dentex.be\/nl\/wp-json\/wp\/v2\/users\/10"}],"replies":[{"embeddable":true,"href":"https:\/\/www.dentex.be\/nl\/wp-json\/wp\/v2\/comments?post=2844"}],"version-history":[{"count":5,"href":"https:\/\/www.dentex.be\/nl\/wp-json\/wp\/v2\/pages\/2844\/revisions"}],"predecessor-version":[{"id":93198,"href":"https:\/\/www.dentex.be\/nl\/wp-json\/wp\/v2\/pages\/2844\/revisions\/93198"}],"wp:attachment":[{"href":"https:\/\/www.dentex.be\/nl\/wp-json\/wp\/v2\/media?parent=2844"}],"curies":[{"name":"wp","href":"https:\/\/api.w.org\/{rel}","templated":true}]}}