{"id":94041,"date":"2026-05-07T16:28:11","date_gmt":"2026-05-07T14:28:11","guid":{"rendered":"https:\/\/www.dentex.be\/sessie-workshop-dentisterie-numerique-protocole-clinique-et-organisation-digitale\/"},"modified":"2026-05-07T16:28:12","modified_gmt":"2026-05-07T14:28:12","slug":"sessie-workshop-dentisterie-numerique-protocole-clinique-et-organisation-digitale","status":"publish","type":"page","link":"https:\/\/www.dentex.be\/fr\/sessie-workshop-dentisterie-numerique-protocole-clinique-et-organisation-digitale\/","title":{"rendered":"Sessie &#8211; Workshop: Dentisterie num\u00e9rique : protocole clinique et organisation digitale"},"content":{"rendered":"\t\t<div data-elementor-type=\"wp-page\" data-elementor-id=\"94041\" class=\"elementor elementor-94041 elementor-93826\" data-elementor-post-type=\"page\">\n\t\t\t\t<div class=\"elementor-element elementor-element-5ae2ddf e-flex e-con-boxed e-con e-parent\" data-id=\"5ae2ddf\" data-element_type=\"container\">\n\t\t\t\t\t<div class=\"e-con-inner\">\n\t\t\t\t<div class=\"elementor-element elementor-element-dda21ce elementor-widget elementor-widget-heading\" data-id=\"dda21ce\" data-element_type=\"widget\" data-widget_type=\"heading.default\">\n\t\t\t\t<div class=\"elementor-widget-container\">\n\t\t\t\t\t<h1 class=\"elementor-heading-title elementor-size-default\">Workshop: Dentisterie num\u00e9rique : protocole clinique et organisation digitale<\/h1>\t\t\t\t<\/div>\n\t\t\t\t<\/div>\n\t\t\t\t<div class=\"elementor-element elementor-element-8de8ca5 elementor-widget elementor-widget-heading\" data-id=\"8de8ca5\" data-element_type=\"widget\" data-widget_type=\"heading.default\">\n\t\t\t\t<div class=\"elementor-widget-container\">\n\t\t\t\t\t<p class=\"elementor-heading-title elementor-size-default\">Dentozo | Pr Ramin Atash<\/p>\t\t\t\t<\/div>\n\t\t\t\t<\/div>\n\t\t\t\t\t<\/div>\n\t\t\t\t<\/div>\n\t\t<div class=\"elementor-element elementor-element-cc9cda3 e-flex e-con-boxed e-con e-parent\" data-id=\"cc9cda3\" data-element_type=\"container\">\n\t\t\t\t\t<div class=\"e-con-inner\">\n\t\t<div class=\"elementor-element elementor-element-260cf93 e-con-full e-flex e-con e-child\" data-id=\"260cf93\" data-element_type=\"container\" data-settings=\"{&quot;background_background&quot;:&quot;classic&quot;}\">\n\t\t<div class=\"elementor-element elementor-element-69d25de e-con-full e-flex e-con e-child\" data-id=\"69d25de\" data-element_type=\"container\" data-settings=\"{&quot;background_background&quot;:&quot;classic&quot;}\">\n\t\t\t\t<div class=\"elementor-element elementor-element-6da6b85 elementor-widget elementor-widget-heading\" data-id=\"6da6b85\" data-element_type=\"widget\" data-widget_type=\"heading.default\">\n\t\t\t\t<div class=\"elementor-widget-container\">\n\t\t\t\t\t<h2 class=\"elementor-heading-title elementor-size-default\">Informations pratiques<\/h2>\t\t\t\t<\/div>\n\t\t\t\t<\/div>\n\t\t\t\t<div class=\"elementor-element elementor-element-2ec7118 elementor-icon-list--layout-traditional elementor-list-item-link-full_width elementor-widget elementor-widget-icon-list\" data-id=\"2ec7118\" data-element_type=\"widget\" data-widget_type=\"icon-list.default\">\n\t\t\t\t<div class=\"elementor-widget-container\">\n\t\t\t\t\t\t\t<ul class=\"elementor-icon-list-items\">\n\t\t\t\t\t\t\t<li class=\"elementor-icon-list-item\">\n\t\t\t\t\t\t\t\t\t\t\t<span class=\"elementor-icon-list-icon\">\n\t\t\t\t\t\t\t<i aria-hidden=\"true\" class=\"far fa-calendar-alt\"><\/i>\t\t\t\t\t\t<\/span>\n\t\t\t\t\t\t\t\t\t\t<span class=\"elementor-icon-list-text\">Vendredi 2 octobre<\/span>\n\t\t\t\t\t\t\t\t\t<\/li>\n\t\t\t\t\t\t\t\t<li class=\"elementor-icon-list-item\">\n\t\t\t\t\t\t\t\t\t\t\t<span class=\"elementor-icon-list-icon\">\n\t\t\t\t\t\t\t<i aria-hidden=\"true\" class=\"far fa-clock\"><\/i>\t\t\t\t\t\t<\/span>\n\t\t\t\t\t\t\t\t\t\t<span class=\"elementor-icon-list-text\">15:30 - 17:00<\/span>\n\t\t\t\t\t\t\t\t\t<\/li>\n\t\t\t\t\t\t\t\t<li class=\"elementor-icon-list-item\">\n\t\t\t\t\t\t\t\t\t\t\t<span class=\"elementor-icon-list-icon\">\n\t\t\t\t\t\t\t<i aria-hidden=\"true\" class=\"fas fa-map-marker-alt\"><\/i>\t\t\t\t\t\t<\/span>\n\t\t\t\t\t\t\t\t\t\t<span class=\"elementor-icon-list-text\">Workshop dome<\/span>\n\t\t\t\t\t\t\t\t\t<\/li>\n\t\t\t\t\t\t\t\t<li class=\"elementor-icon-list-item\">\n\t\t\t\t\t\t\t\t\t\t\t<span class=\"elementor-icon-list-icon\">\n\t\t\t\t\t\t\t<i aria-hidden=\"true\" class=\"fas fa-euro-sign\"><\/i>\t\t\t\t\t\t<\/span>\n\t\t\t\t\t\t\t\t\t\t<span class=\"elementor-icon-list-text\">20<\/span>\n\t\t\t\t\t\t\t\t\t<\/li>\n\t\t\t\t\t\t<\/ul>\n\t\t\t\t\t\t<\/div>\n\t\t\t\t<\/div>\n\t\t\t\t<\/div>\n\t\t<div class=\"elementor-element elementor-element-8e6eb91 e-con-full e-flex e-con e-child\" data-id=\"8e6eb91\" data-element_type=\"container\" data-settings=\"{&quot;background_background&quot;:&quot;classic&quot;}\">\n\t\t\t\t<div class=\"elementor-element elementor-element-b6a2efd elementor-widget elementor-widget-heading\" data-id=\"b6a2efd\" data-element_type=\"widget\" data-widget_type=\"heading.default\">\n\t\t\t\t<div class=\"elementor-widget-container\">\n\t\t\t\t\t<h2 class=\"elementor-heading-title elementor-size-default\">Orateur<\/h2>\t\t\t\t<\/div>\n\t\t\t\t<\/div>\n\t\t\t\t<div class=\"elementor-element elementor-element-670c26d elementor-widget elementor-widget-heading\" data-id=\"670c26d\" data-element_type=\"widget\" data-widget_type=\"heading.default\">\n\t\t\t\t<div class=\"elementor-widget-container\">\n\t\t\t\t\t<h4 class=\"elementor-heading-title elementor-size-default\">Pr Ramin Atash<\/h4>\t\t\t\t<\/div>\n\t\t\t\t<\/div>\n\t\t\t\t<div class=\"elementor-element elementor-element-a73fcdc elementor-widget elementor-widget-heading\" data-id=\"a73fcdc\" data-element_type=\"widget\" data-widget_type=\"heading.default\">\n\t\t\t\t<div class=\"elementor-widget-container\">\n\t\t\t\t\t<p class=\"elementor-heading-title elementor-size-default\">Dentozo<\/p>\t\t\t\t<\/div>\n\t\t\t\t<\/div>\n\t\t\t\t<div class=\"elementor-element elementor-element-84cdcca elementor-widget elementor-widget-image\" data-id=\"84cdcca\" data-element_type=\"widget\" data-widget_type=\"image.default\">\n\t\t\t\t<div class=\"elementor-widget-container\">\n\t\t\t\t\t\t\t\t\t\t\t\t\t\t\t<img decoding=\"async\" width=\"200\" height=\"200\" src=\"https:\/\/easyfairsassets.com\/sites\/387\/2026\/05\/Pr-Ramin-Atash.jpg\" class=\"attachment-large size-large wp-image-93914\" alt=\"\" srcset=\"https:\/\/easyfairsassets.com\/sites\/387\/2026\/05\/Pr-Ramin-Atash.jpg 200w, https:\/\/easyfairsassets.com\/sites\/387\/2026\/05\/Pr-Ramin-Atash-150x150.jpg 150w\" sizes=\"(max-width: 200px) 100vw, 200px\" \/>\t\t\t\t\t\t\t\t\t\t\t\t\t\t\t<\/div>\n\t\t\t\t<\/div>\n\t\t\t\t<\/div>\n\t\t<div class=\"elementor-element elementor-element-5ae6eca e-flex e-con-boxed e-con e-child\" data-id=\"5ae6eca\" data-element_type=\"container\">\n\t\t\t\t\t<div class=\"e-con-inner\">\n\t\t\t\t<div class=\"elementor-element elementor-element-df2a4b0 elementor-align-center elementor-mobile-align-center elementor-widget elementor-widget-button\" data-id=\"df2a4b0\" data-element_type=\"widget\" data-widget_type=\"button.default\">\n\t\t\t\t<div class=\"elementor-widget-container\">\n\t\t\t\t\t\t\t\t\t<div class=\"elementor-button-wrapper\">\n\t\t\t\t\t<a class=\"elementor-button elementor-size-sm\" role=\"button\">\n\t\t\t\t\t\t<span class=\"elementor-button-content-wrapper\">\n\t\t\t\t\t\t<span class=\"elementor-button-icon\">\n\t\t\t\t<i aria-hidden=\"true\" class=\"fas fa-chevron-left\"><\/i>\t\t\t<\/span>\n\t\t\t\t\t\t\t\t\t<span class=\"elementor-button-text\">Programme<\/span>\n\t\t\t\t\t<\/span>\n\t\t\t\t\t<\/a>\n\t\t\t\t<\/div>\n\t\t\t\t\t\t\t\t<\/div>\n\t\t\t\t<\/div>\n\t\t\t\t\t<\/div>\n\t\t\t\t<\/div>\n\t\t\t\t<\/div>\n\t\t<div class=\"elementor-element elementor-element-29ccc43 e-con-full e-flex e-con e-child\" data-id=\"29ccc43\" data-element_type=\"container\">\n\t\t\t\t<div class=\"elementor-element elementor-element-5f5523b elementor-widget elementor-widget-text-editor\" data-id=\"5f5523b\" data-element_type=\"widget\" data-widget_type=\"text-editor.default\">\n\t\t\t\t<div class=\"elementor-widget-container\">\n\t\t\t\t\t\t\t\t\t<p>Cette formation permet de ma\u00eetriser le flux num\u00e9rique en cabinet, depuis la prise d&#8217;empreinte jusqu&rsquo;\u00e0 la fabrication proth\u00e9tique. Elle aborde la r\u00e9alisation d&#8217;empreintes optiques et de scans faciaux de qualit\u00e9, la conception virtuelle des projets, la collaboration avec le laboratoire, l&rsquo;usage raisonn\u00e9 des technologies (imprimantes 3D, fraiseuses, mat\u00e9riaux), l&rsquo;organisation du cabinet, ainsi que les limites et pi\u00e8ges \u00e0 \u00e9viter. Elle vise aussi \u00e0 am\u00e9liorer la communication avec les patients et la gestion des plan de traitement digitaux.<\/p>\n<p>Programme<\/p>\n<p>Empreinte optique &amp; scan facial &#8211; Fondations du flux num\u00e9rique<\/p>\n<p>&#8211; Int\u00e9gration du scan facial<\/p>\n<p>&#8211; Cr\u00e9ation du projet virtuel : wax-up num\u00e9rique, validation occlusale\/esth\u00e9tique<\/p>\n<p>&#8211; Simulation du sourire et validation patient<\/p>\n<p>&#8211; Int\u00e9gration avec le laboratoire num\u00e9rique : protocole de communication<\/p>\n<p>&#8211; Imprimante 3D vs fraiseuse : indications cliniques et choix technologique<\/p>\n<p>&#8211; Pr\u00e9sentation des mat\u00e9riaux disponibles (r\u00e9sines, PMMA, zircone, etc.)<\/p>\n<p>&#8211; Exemples d&rsquo;applications cliniques : provisoires, guides, goutti\u00e8res, mod\u00e8les<\/p>\n\t\t\t\t\t\t\t\t<\/div>\n\t\t\t\t<\/div>\n\t\t\t\t<div class=\"elementor-element elementor-element-d0a89d3 elementor-widget elementor-widget-button\" data-id=\"d0a89d3\" data-element_type=\"widget\" data-widget_type=\"button.default\">\n\t\t\t\t<div class=\"elementor-widget-container\">\n\t\t\t\t\t\t\t\t\t<div class=\"elementor-button-wrapper\">\n\t\t\t\t\t<a class=\"elementor-button elementor-button-link elementor-size-sm\" href=\"https:\/\/dentozoacademy.be\/product\/dentisterie_numerique__protocole_clinique_et_organisation_digitale_dentex\/\">\n\t\t\t\t\t\t<span class=\"elementor-button-content-wrapper\">\n\t\t\t\t\t\t\t\t\t<span class=\"elementor-button-text\">Registrez pour cette session<\/span>\n\t\t\t\t\t<\/span>\n\t\t\t\t\t<\/a>\n\t\t\t\t<\/div>\n\t\t\t\t\t\t\t\t<\/div>\n\t\t\t\t<\/div>\n\t\t\t\t<\/div>\n\t\t\t\t\t<\/div>\n\t\t\t\t<\/div>\n\t\t\t\t<\/div>\n\t\t","protected":false},"excerpt":{"rendered":"<p>Workshop: Dentisterie num\u00e9rique : protocole clinique et organisation digitale Dentozo | Pr Ramin Atash Informations pratiques Vendredi 2 octobre 15:30 &#8211; 17:00 Workshop dome 20 Orateur Pr Ramin Atash Dentozo Programme Cette formation permet de ma\u00eetriser le flux num\u00e9rique en cabinet, depuis la prise d&#8217;empreinte jusqu&rsquo;\u00e0 la fabrication proth\u00e9tique. Elle aborde la r\u00e9alisation d&#8217;empreintes optiques [&hellip;]<\/p>\n","protected":false},"author":872,"featured_media":0,"parent":0,"menu_order":0,"comment_status":"closed","ping_status":"closed","template":"","meta":{"_seopress_robots_primary_cat":"","_seopress_titles_title":"","_seopress_titles_desc":"","_seopress_robots_index":"","footnotes":""},"class_list":["post-94041","page","type-page","status-publish","hentry"],"_links":{"self":[{"href":"https:\/\/www.dentex.be\/fr\/wp-json\/wp\/v2\/pages\/94041","targetHints":{"allow":["GET"]}}],"collection":[{"href":"https:\/\/www.dentex.be\/fr\/wp-json\/wp\/v2\/pages"}],"about":[{"href":"https:\/\/www.dentex.be\/fr\/wp-json\/wp\/v2\/types\/page"}],"author":[{"embeddable":true,"href":"https:\/\/www.dentex.be\/fr\/wp-json\/wp\/v2\/users\/872"}],"replies":[{"embeddable":true,"href":"https:\/\/www.dentex.be\/fr\/wp-json\/wp\/v2\/comments?post=94041"}],"version-history":[{"count":1,"href":"https:\/\/www.dentex.be\/fr\/wp-json\/wp\/v2\/pages\/94041\/revisions"}],"predecessor-version":[{"id":94042,"href":"https:\/\/www.dentex.be\/fr\/wp-json\/wp\/v2\/pages\/94041\/revisions\/94042"}],"wp:attachment":[{"href":"https:\/\/www.dentex.be\/fr\/wp-json\/wp\/v2\/media?parent=94041"}],"curies":[{"name":"wp","href":"https:\/\/api.w.org\/{rel}","templated":true}]}}