{"id":93990,"date":"2026-05-07T16:13:33","date_gmt":"2026-05-07T14:13:33","guid":{"rendered":"https:\/\/www.dentex.be\/sessie-la-nomenclature-de-la-bonne-pratique-a-lobligation-legale\/"},"modified":"2026-05-08T09:19:44","modified_gmt":"2026-05-08T07:19:44","slug":"sessie-la-nomenclature-de-la-bonne-pratique-a-lobligation-legale","status":"publish","type":"page","link":"https:\/\/www.dentex.be\/fr\/sessie-la-nomenclature-de-la-bonne-pratique-a-lobligation-legale\/","title":{"rendered":"Sessie &#8211; La Nomenclature : De la bonne pratique \u00e0 l\u2019obligation l\u00e9gale"},"content":{"rendered":"\t\t<div data-elementor-type=\"wp-page\" data-elementor-id=\"93990\" class=\"elementor elementor-93990 elementor-93816\" data-elementor-post-type=\"page\">\n\t\t\t\t<div class=\"elementor-element elementor-element-5ae2ddf e-flex e-con-boxed e-con e-parent\" data-id=\"5ae2ddf\" data-element_type=\"container\">\n\t\t\t\t\t<div class=\"e-con-inner\">\n\t\t\t\t<div class=\"elementor-element elementor-element-dda21ce elementor-widget elementor-widget-heading\" data-id=\"dda21ce\" data-element_type=\"widget\" data-widget_type=\"heading.default\">\n\t\t\t\t<div class=\"elementor-widget-container\">\n\t\t\t\t\t<h1 class=\"elementor-heading-title elementor-size-default\">La Nomenclature : De la bonne pratique \u00e0 l\u2019obligation l\u00e9gale <\/h1>\t\t\t\t<\/div>\n\t\t\t\t<\/div>\n\t\t\t\t<div class=\"elementor-element elementor-element-8de8ca5 elementor-widget elementor-widget-heading\" data-id=\"8de8ca5\" data-element_type=\"widget\" data-widget_type=\"heading.default\">\n\t\t\t\t<div class=\"elementor-widget-container\">\n\t\t\t\t\t<p class=\"elementor-heading-title elementor-size-default\">Dentozo | Hugues Gr\u00e9goire<\/p>\t\t\t\t<\/div>\n\t\t\t\t<\/div>\n\t\t\t\t\t<\/div>\n\t\t\t\t<\/div>\n\t\t<div class=\"elementor-element elementor-element-cc9cda3 e-flex e-con-boxed e-con e-parent\" data-id=\"cc9cda3\" data-element_type=\"container\">\n\t\t\t\t\t<div class=\"e-con-inner\">\n\t\t<div class=\"elementor-element elementor-element-260cf93 e-con-full e-flex e-con e-child\" data-id=\"260cf93\" data-element_type=\"container\" data-settings=\"{&quot;background_background&quot;:&quot;classic&quot;}\">\n\t\t<div class=\"elementor-element elementor-element-69d25de e-con-full e-flex e-con e-child\" data-id=\"69d25de\" data-element_type=\"container\" data-settings=\"{&quot;background_background&quot;:&quot;classic&quot;}\">\n\t\t\t\t<div class=\"elementor-element elementor-element-6da6b85 elementor-widget elementor-widget-heading\" data-id=\"6da6b85\" data-element_type=\"widget\" data-widget_type=\"heading.default\">\n\t\t\t\t<div class=\"elementor-widget-container\">\n\t\t\t\t\t<h2 class=\"elementor-heading-title elementor-size-default\">Informations pratiques<\/h2>\t\t\t\t<\/div>\n\t\t\t\t<\/div>\n\t\t\t\t<div class=\"elementor-element elementor-element-2ec7118 elementor-icon-list--layout-traditional elementor-list-item-link-full_width elementor-widget elementor-widget-icon-list\" data-id=\"2ec7118\" data-element_type=\"widget\" data-widget_type=\"icon-list.default\">\n\t\t\t\t<div class=\"elementor-widget-container\">\n\t\t\t\t\t\t\t<ul class=\"elementor-icon-list-items\">\n\t\t\t\t\t\t\t<li class=\"elementor-icon-list-item\">\n\t\t\t\t\t\t\t\t\t\t\t<span class=\"elementor-icon-list-icon\">\n\t\t\t\t\t\t\t<i aria-hidden=\"true\" class=\"far fa-calendar-alt\"><\/i>\t\t\t\t\t\t<\/span>\n\t\t\t\t\t\t\t\t\t\t<span class=\"elementor-icon-list-text\">Vendredi 2 octobre<\/span>\n\t\t\t\t\t\t\t\t\t<\/li>\n\t\t\t\t\t\t\t\t<li class=\"elementor-icon-list-item\">\n\t\t\t\t\t\t\t\t\t\t\t<span class=\"elementor-icon-list-icon\">\n\t\t\t\t\t\t\t<i aria-hidden=\"true\" class=\"far fa-clock\"><\/i>\t\t\t\t\t\t<\/span>\n\t\t\t\t\t\t\t\t\t\t<span class=\"elementor-icon-list-text\">13:30 - 15:00<\/span>\n\t\t\t\t\t\t\t\t\t<\/li>\n\t\t\t\t\t\t\t\t<li class=\"elementor-icon-list-item\">\n\t\t\t\t\t\t\t\t\t\t\t<span class=\"elementor-icon-list-icon\">\n\t\t\t\t\t\t\t<i aria-hidden=\"true\" class=\"fas fa-map-marker-alt\"><\/i>\t\t\t\t\t\t<\/span>\n\t\t\t\t\t\t\t\t\t\t<span class=\"elementor-icon-list-text\">Dental dome<\/span>\n\t\t\t\t\t\t\t\t\t<\/li>\n\t\t\t\t\t\t\t\t<li class=\"elementor-icon-list-item\">\n\t\t\t\t\t\t\t\t\t\t\t<span class=\"elementor-icon-list-icon\">\n\t\t\t\t\t\t\t<i aria-hidden=\"true\" class=\"fas fa-euro-sign\"><\/i>\t\t\t\t\t\t<\/span>\n\t\t\t\t\t\t\t\t\t\t<span class=\"elementor-icon-list-text\">20<\/span>\n\t\t\t\t\t\t\t\t\t<\/li>\n\t\t\t\t\t\t<\/ul>\n\t\t\t\t\t\t<\/div>\n\t\t\t\t<\/div>\n\t\t\t\t<\/div>\n\t\t<div class=\"elementor-element elementor-element-8e6eb91 e-con-full e-flex e-con e-child\" data-id=\"8e6eb91\" data-element_type=\"container\" data-settings=\"{&quot;background_background&quot;:&quot;classic&quot;}\">\n\t\t\t\t<div class=\"elementor-element elementor-element-b6a2efd elementor-widget elementor-widget-heading\" data-id=\"b6a2efd\" data-element_type=\"widget\" data-widget_type=\"heading.default\">\n\t\t\t\t<div class=\"elementor-widget-container\">\n\t\t\t\t\t<h2 class=\"elementor-heading-title elementor-size-default\">Orateur<\/h2>\t\t\t\t<\/div>\n\t\t\t\t<\/div>\n\t\t\t\t<div class=\"elementor-element elementor-element-670c26d elementor-widget elementor-widget-heading\" data-id=\"670c26d\" data-element_type=\"widget\" data-widget_type=\"heading.default\">\n\t\t\t\t<div class=\"elementor-widget-container\">\n\t\t\t\t\t<h4 class=\"elementor-heading-title elementor-size-default\">Hugues Gr\u00e9goire<\/h4>\t\t\t\t<\/div>\n\t\t\t\t<\/div>\n\t\t\t\t<div class=\"elementor-element elementor-element-a73fcdc elementor-hidden-desktop elementor-hidden-tablet elementor-hidden-mobile elementor-widget elementor-widget-heading\" data-id=\"a73fcdc\" data-element_type=\"widget\" data-widget_type=\"heading.default\">\n\t\t\t\t<div class=\"elementor-widget-container\">\n\t\t\t\t\t<p class=\"elementor-heading-title elementor-size-default\">Verbond der Vlaamse Tandarts<\/p>\t\t\t\t<\/div>\n\t\t\t\t<\/div>\n\t\t\t\t<div class=\"elementor-element elementor-element-84cdcca elementor-widget elementor-widget-image\" data-id=\"84cdcca\" data-element_type=\"widget\" data-widget_type=\"image.default\">\n\t\t\t\t<div class=\"elementor-widget-container\">\n\t\t\t\t\t\t\t\t\t\t\t\t\t\t\t<img fetchpriority=\"high\" decoding=\"async\" width=\"300\" height=\"400\" src=\"https:\/\/easyfairsassets.com\/sites\/387\/2026\/05\/gregoire-jpeg-e1778147324846.jpeg\" class=\"attachment-large size-large wp-image-93899\" alt=\"\" \/>\t\t\t\t\t\t\t\t\t\t\t\t\t\t\t<\/div>\n\t\t\t\t<\/div>\n\t\t\t\t<div class=\"elementor-element elementor-element-4bd8a93 elementor-hidden-desktop elementor-hidden-tablet elementor-hidden-mobile elementor-widget elementor-widget-text-editor\" data-id=\"4bd8a93\" data-element_type=\"widget\" data-widget_type=\"text-editor.default\">\n\t\t\t\t<div class=\"elementor-widget-container\">\n\t\t\t\t\t\t\t\t\t<p>Extracties en kleine heelkunde zijn een belangrijk onderdeel van de tandheelkundige praktijk. Minister Vandenbroucke .<\/p>\n\t\t\t\t\t\t\t\t<\/div>\n\t\t\t\t<\/div>\n\t\t\t\t<\/div>\n\t\t<div class=\"elementor-element elementor-element-5ae6eca e-flex e-con-boxed e-con e-child\" data-id=\"5ae6eca\" data-element_type=\"container\">\n\t\t\t\t\t<div class=\"e-con-inner\">\n\t\t\t\t<div class=\"elementor-element elementor-element-df2a4b0 elementor-align-center elementor-mobile-align-center elementor-widget elementor-widget-button\" data-id=\"df2a4b0\" data-element_type=\"widget\" data-widget_type=\"button.default\">\n\t\t\t\t<div class=\"elementor-widget-container\">\n\t\t\t\t\t\t\t\t\t<div class=\"elementor-button-wrapper\">\n\t\t\t\t\t<a class=\"elementor-button elementor-size-sm\" role=\"button\">\n\t\t\t\t\t\t<span class=\"elementor-button-content-wrapper\">\n\t\t\t\t\t\t<span class=\"elementor-button-icon\">\n\t\t\t\t<i aria-hidden=\"true\" class=\"fas fa-chevron-left\"><\/i>\t\t\t<\/span>\n\t\t\t\t\t\t\t\t\t<span class=\"elementor-button-text\">Programme<\/span>\n\t\t\t\t\t<\/span>\n\t\t\t\t\t<\/a>\n\t\t\t\t<\/div>\n\t\t\t\t\t\t\t\t<\/div>\n\t\t\t\t<\/div>\n\t\t\t\t\t<\/div>\n\t\t\t\t<\/div>\n\t\t\t\t<\/div>\n\t\t<div class=\"elementor-element elementor-element-29ccc43 e-con-full e-flex e-con e-child\" data-id=\"29ccc43\" data-element_type=\"container\">\n\t\t\t\t<div class=\"elementor-element elementor-element-5f5523b elementor-widget elementor-widget-text-editor\" data-id=\"5f5523b\" data-element_type=\"widget\" data-widget_type=\"text-editor.default\">\n\t\t\t\t<div class=\"elementor-widget-container\">\n\t\t\t\t\t\t\t\t\t<p>La ma\u00eetrise de la nomenclature des actes bucco-dentaires est indispensable pour garantir la conformit\u00e9 r\u00e9glementaire, la qualit\u00e9 administrative et la juste valorisation des soins prodigu\u00e9s. Entre \u00e9volutions l\u00e9gislatives, obligations conventionnelles et bonnes pratiques de cotation, le sujet reste complexe et souvent source de questionnements. <br \/>Cette session propose un \u00e9clairage complet et pratique pour mieux s&rsquo;approprier la nomenclature et s\u00e9curiser sa facturation.<\/p>\n<p>Pendant 1h30, les participants d\u00e9couvriront:<br \/>&#8211; Les principes g\u00e9n\u00e9raux de la nomenclature dentaire et son cadre l\u00e9gal<br \/>&#8211; Les r\u00e8gles de cotation des actes conservateurs, chirurgicaux et proth\u00e9tiques<br \/>&#8211; Les points de vigilance en mati\u00e8re de tra\u00e7abilit\u00e9, de justificatifs et de contr\u00f4les<br \/>&#8211; Les conseils pratiques pour concilier efficience administrative et respect des obligations r\u00e9glementaire.<\/p>\n<p>Cette session s&rsquo;adresse aux chirurgiens-dentistes, gestionnaires de cabinet, assistants et toute personne impliqu\u00e9e dans la facturation et l&rsquo;organisation des soins.<\/p>\n\t\t\t\t\t\t\t\t<\/div>\n\t\t\t\t<\/div>\n\t\t\t\t<div class=\"elementor-element elementor-element-9935a35 elementor-widget elementor-widget-button\" data-id=\"9935a35\" data-element_type=\"widget\" data-widget_type=\"button.default\">\n\t\t\t\t<div class=\"elementor-widget-container\">\n\t\t\t\t\t\t\t\t\t<div class=\"elementor-button-wrapper\">\n\t\t\t\t\t<a class=\"elementor-button elementor-button-link elementor-size-sm\" href=\"https:\/\/dentozoacademy.be\/product\/la_nomenclature_de_la_bonne_pratique_a_lobligation_legale\/\">\n\t\t\t\t\t\t<span class=\"elementor-button-content-wrapper\">\n\t\t\t\t\t\t\t\t\t<span class=\"elementor-button-text\">Registrez pour cette session<\/span>\n\t\t\t\t\t<\/span>\n\t\t\t\t\t<\/a>\n\t\t\t\t<\/div>\n\t\t\t\t\t\t\t\t<\/div>\n\t\t\t\t<\/div>\n\t\t\t\t<\/div>\n\t\t\t\t\t<\/div>\n\t\t\t\t<\/div>\n\t\t\t\t<\/div>\n\t\t","protected":false},"excerpt":{"rendered":"<p>La Nomenclature : De la bonne pratique \u00e0 l\u2019obligation l\u00e9gale Dentozo | Hugues Gr\u00e9goire Informations pratiques Vendredi 2 octobre 13:30 &#8211; 15:00 Dental dome 20 Orateur Hugues Gr\u00e9goire Verbond der Vlaamse Tandarts Extracties en kleine heelkunde zijn een belangrijk onderdeel van de tandheelkundige praktijk. Minister Vandenbroucke . Programme La ma\u00eetrise de la nomenclature des actes [&hellip;]<\/p>\n","protected":false},"author":872,"featured_media":0,"parent":0,"menu_order":0,"comment_status":"closed","ping_status":"closed","template":"","meta":{"_seopress_robots_primary_cat":"","_seopress_titles_title":"","_seopress_titles_desc":"","_seopress_robots_index":"","footnotes":""},"class_list":["post-93990","page","type-page","status-publish","hentry"],"_links":{"self":[{"href":"https:\/\/www.dentex.be\/fr\/wp-json\/wp\/v2\/pages\/93990","targetHints":{"allow":["GET"]}}],"collection":[{"href":"https:\/\/www.dentex.be\/fr\/wp-json\/wp\/v2\/pages"}],"about":[{"href":"https:\/\/www.dentex.be\/fr\/wp-json\/wp\/v2\/types\/page"}],"author":[{"embeddable":true,"href":"https:\/\/www.dentex.be\/fr\/wp-json\/wp\/v2\/users\/872"}],"replies":[{"embeddable":true,"href":"https:\/\/www.dentex.be\/fr\/wp-json\/wp\/v2\/comments?post=93990"}],"version-history":[{"count":2,"href":"https:\/\/www.dentex.be\/fr\/wp-json\/wp\/v2\/pages\/93990\/revisions"}],"predecessor-version":[{"id":94105,"href":"https:\/\/www.dentex.be\/fr\/wp-json\/wp\/v2\/pages\/93990\/revisions\/94105"}],"wp:attachment":[{"href":"https:\/\/www.dentex.be\/fr\/wp-json\/wp\/v2\/media?parent=93990"}],"curies":[{"name":"wp","href":"https:\/\/api.w.org\/{rel}","templated":true}]}}