{"id":93974,"date":"2026-05-07T16:06:54","date_gmt":"2026-05-07T14:06:54","guid":{"rendered":"https:\/\/www.dentex.be\/sessie-artificiele-intelligentie-in-dentomaxillofaciale-radiologie-een-beeld-veel-visies\/"},"modified":"2026-05-07T16:08:37","modified_gmt":"2026-05-07T14:08:37","slug":"sessie-artificiele-intelligentie-in-dentomaxillofaciale-radiologie-een-beeld-veel-visies","status":"publish","type":"page","link":"https:\/\/www.dentex.be\/en\/sessie-artificiele-intelligentie-in-dentomaxillofaciale-radiologie-een-beeld-veel-visies\/","title":{"rendered":"Sessie &#8211; Artifici\u00eble intelligentie in dentomaxillofaciale radiologie: \u00e9\u00e9n beeld, veel visies"},"content":{"rendered":"\t\t<div data-elementor-type=\"wp-page\" data-elementor-id=\"93974\" class=\"elementor elementor-93974 elementor-93837\" data-elementor-post-type=\"page\">\n\t\t\t\t<div class=\"elementor-element elementor-element-5ae2ddf e-flex e-con-boxed e-con e-parent\" data-id=\"5ae2ddf\" data-element_type=\"container\">\n\t\t\t\t\t<div class=\"e-con-inner\">\n\t\t\t\t<div class=\"elementor-element elementor-element-dda21ce elementor-widget elementor-widget-heading\" data-id=\"dda21ce\" data-element_type=\"widget\" data-widget_type=\"heading.default\">\n\t\t\t\t<div class=\"elementor-widget-container\">\n\t\t\t\t\t<h1 class=\"elementor-heading-title elementor-size-default\">Artifici\u00eble intelligentie in dentomaxillofaciale radiologie: \u00e9\u00e9n beeld, veel visies<\/h1>\t\t\t\t<\/div>\n\t\t\t\t<\/div>\n\t\t\t\t<div class=\"elementor-element elementor-element-8de8ca5 elementor-widget elementor-widget-heading\" data-id=\"8de8ca5\" data-element_type=\"widget\" data-widget_type=\"heading.default\">\n\t\t\t\t<div class=\"elementor-widget-container\">\n\t\t\t\t\t<p class=\"elementor-heading-title elementor-size-default\">Verbond der Vlaamse Tandartsen | Jeroen Van Dessel<\/p>\t\t\t\t<\/div>\n\t\t\t\t<\/div>\n\t\t\t\t\t<\/div>\n\t\t\t\t<\/div>\n\t\t<div class=\"elementor-element elementor-element-cc9cda3 e-flex e-con-boxed e-con e-parent\" data-id=\"cc9cda3\" data-element_type=\"container\">\n\t\t\t\t\t<div class=\"e-con-inner\">\n\t\t<div class=\"elementor-element elementor-element-260cf93 e-con-full e-flex e-con e-child\" data-id=\"260cf93\" data-element_type=\"container\" data-settings=\"{&quot;background_background&quot;:&quot;classic&quot;}\">\n\t\t<div class=\"elementor-element elementor-element-69d25de e-con-full e-flex e-con e-child\" data-id=\"69d25de\" data-element_type=\"container\" data-settings=\"{&quot;background_background&quot;:&quot;classic&quot;}\">\n\t\t\t\t<div class=\"elementor-element elementor-element-6da6b85 elementor-widget elementor-widget-heading\" data-id=\"6da6b85\" data-element_type=\"widget\" data-widget_type=\"heading.default\">\n\t\t\t\t<div class=\"elementor-widget-container\">\n\t\t\t\t\t<h2 class=\"elementor-heading-title elementor-size-default\">Practical information<\/h2>\t\t\t\t<\/div>\n\t\t\t\t<\/div>\n\t\t\t\t<div class=\"elementor-element elementor-element-2ec7118 elementor-icon-list--layout-traditional elementor-list-item-link-full_width elementor-widget elementor-widget-icon-list\" data-id=\"2ec7118\" data-element_type=\"widget\" data-widget_type=\"icon-list.default\">\n\t\t\t\t<div class=\"elementor-widget-container\">\n\t\t\t\t\t\t\t<ul class=\"elementor-icon-list-items\">\n\t\t\t\t\t\t\t<li class=\"elementor-icon-list-item\">\n\t\t\t\t\t\t\t\t\t\t\t<span class=\"elementor-icon-list-icon\">\n\t\t\t\t\t\t\t<i aria-hidden=\"true\" class=\"far fa-calendar-alt\"><\/i>\t\t\t\t\t\t<\/span>\n\t\t\t\t\t\t\t\t\t\t<span class=\"elementor-icon-list-text\">Saturday 3 octobre<\/span>\n\t\t\t\t\t\t\t\t\t<\/li>\n\t\t\t\t\t\t\t\t<li class=\"elementor-icon-list-item\">\n\t\t\t\t\t\t\t\t\t\t\t<span class=\"elementor-icon-list-icon\">\n\t\t\t\t\t\t\t<i aria-hidden=\"true\" class=\"far fa-clock\"><\/i>\t\t\t\t\t\t<\/span>\n\t\t\t\t\t\t\t\t\t\t<span class=\"elementor-icon-list-text\">11:00 - 12:30<\/span>\n\t\t\t\t\t\t\t\t\t<\/li>\n\t\t\t\t\t\t\t\t<li class=\"elementor-icon-list-item\">\n\t\t\t\t\t\t\t\t\t\t\t<span class=\"elementor-icon-list-icon\">\n\t\t\t\t\t\t\t<i aria-hidden=\"true\" class=\"fas fa-map-marker-alt\"><\/i>\t\t\t\t\t\t<\/span>\n\t\t\t\t\t\t\t\t\t\t<span class=\"elementor-icon-list-text\">Main stage<\/span>\n\t\t\t\t\t\t\t\t\t<\/li>\n\t\t\t\t\t\t\t\t<li class=\"elementor-icon-list-item\">\n\t\t\t\t\t\t\t\t\t\t\t<span class=\"elementor-icon-list-icon\">\n\t\t\t\t\t\t\t<i aria-hidden=\"true\" class=\"fas fa-euro-sign\"><\/i>\t\t\t\t\t\t<\/span>\n\t\t\t\t\t\t\t\t\t\t<span class=\"elementor-icon-list-text\">95 \/ free for member<\/span>\n\t\t\t\t\t\t\t\t\t<\/li>\n\t\t\t\t\t\t<\/ul>\n\t\t\t\t\t\t<\/div>\n\t\t\t\t<\/div>\n\t\t\t\t<\/div>\n\t\t<div class=\"elementor-element elementor-element-8e6eb91 e-con-full e-flex e-con e-child\" data-id=\"8e6eb91\" data-element_type=\"container\" data-settings=\"{&quot;background_background&quot;:&quot;classic&quot;}\">\n\t\t\t\t<div class=\"elementor-element elementor-element-b6a2efd elementor-widget elementor-widget-heading\" data-id=\"b6a2efd\" data-element_type=\"widget\" data-widget_type=\"heading.default\">\n\t\t\t\t<div class=\"elementor-widget-container\">\n\t\t\t\t\t<h2 class=\"elementor-heading-title elementor-size-default\">Speaker<\/h2>\t\t\t\t<\/div>\n\t\t\t\t<\/div>\n\t\t\t\t<div class=\"elementor-element elementor-element-670c26d elementor-widget elementor-widget-heading\" data-id=\"670c26d\" data-element_type=\"widget\" data-widget_type=\"heading.default\">\n\t\t\t\t<div class=\"elementor-widget-container\">\n\t\t\t\t\t<h4 class=\"elementor-heading-title elementor-size-default\">Jeroen Van Dessel<\/h4>\t\t\t\t<\/div>\n\t\t\t\t<\/div>\n\t\t\t\t<div class=\"elementor-element elementor-element-a73fcdc elementor-widget elementor-widget-heading\" data-id=\"a73fcdc\" data-element_type=\"widget\" data-widget_type=\"heading.default\">\n\t\t\t\t<div class=\"elementor-widget-container\">\n\t\t\t\t\t<p class=\"elementor-heading-title elementor-size-default\">Verbond der Vlaamse Tandartsen<\/p>\t\t\t\t<\/div>\n\t\t\t\t<\/div>\n\t\t\t\t<div class=\"elementor-element elementor-element-84cdcca elementor-widget elementor-widget-image\" data-id=\"84cdcca\" data-element_type=\"widget\" data-widget_type=\"image.default\">\n\t\t\t\t<div class=\"elementor-widget-container\">\n\t\t\t\t\t\t\t\t\t\t\t\t\t\t\t<img fetchpriority=\"high\" decoding=\"async\" width=\"512\" height=\"512\" src=\"https:\/\/easyfairsassets.com\/sites\/387\/2026\/05\/Jeroen-Van-Dessel.webp\" class=\"attachment-large size-large wp-image-93954\" alt=\"\" srcset=\"https:\/\/easyfairsassets.com\/sites\/387\/2026\/05\/Jeroen-Van-Dessel.webp 512w, https:\/\/easyfairsassets.com\/sites\/387\/2026\/05\/Jeroen-Van-Dessel-300x300.webp 300w, https:\/\/easyfairsassets.com\/sites\/387\/2026\/05\/Jeroen-Van-Dessel-150x150.webp 150w\" sizes=\"(max-width: 512px) 100vw, 512px\" \/>\t\t\t\t\t\t\t\t\t\t\t\t\t\t\t<\/div>\n\t\t\t\t<\/div>\n\t\t\t\t<div class=\"elementor-element elementor-element-4bd8a93 elementor-widget elementor-widget-text-editor\" data-id=\"4bd8a93\" data-element_type=\"widget\" data-widget_type=\"text-editor.default\">\n\t\t\t\t<div class=\"elementor-widget-container\">\n\t\t\t\t\t\t\t\t\t<p>Jeroen Van Dessel behaalde een Master in Biomedische Wetenschappen en een Master in Advanced Medical Imaging aan de KU Leuven.\u00a0<\/p>\n<p>Als FWO-aspirant doctoreerde hij in de Biomedische Wetenschappen aan de KU Leuven. Hij is actief in het domein van dentomaxillofaciale radiologie binnen de afdeling Mond-, Kaak-, en Aangezichtschirurgie van het UZ Leuven en de OMFS-IMPATH onderzoeksgroep aan de KU Leuven. Daarnaast co\u00f6rdineert hij het Instituut voor Orale en Maxillo Faciale Chirurgie Onderwijs en Training (www.iomfcot.be).\u00a0<\/p>\n<p>Hij is bestuurslid van de Europese Academie voor Dento Maxillo Faciale Radiologie (EADMFR).\u00a0<\/p>\n<p>Hij ontving de COB Oral Research Award (2013), EADMFR Oral Research Award (2012; 2014), de EUNETHYDIS Sagvolden Award (2015), de EADMFR Research Fellowship (2016), de ECNP Junior Research Award (2018) en OMFS-IMPATH Young Talent Award (2019).\u00a0<\/p>\n<p>Als gastonderzoeker was hij verbonden aan de Universidade de S\u00e3o Paulo (Brazili\u00eb), Pontificia Universidade Catolica do Parana (Brazili\u00eb) en Karolinska Institutet (Zweden). Zelf publiceerde hij meer dan 40 artikels in internationale tijdschriften.<\/p>\n<p>\u00a0<\/p>\n\t\t\t\t\t\t\t\t<\/div>\n\t\t\t\t<\/div>\n\t\t\t\t<\/div>\n\t\t<div class=\"elementor-element elementor-element-5ae6eca e-flex e-con-boxed e-con e-child\" data-id=\"5ae6eca\" data-element_type=\"container\">\n\t\t\t\t\t<div class=\"e-con-inner\">\n\t\t\t\t<div class=\"elementor-element elementor-element-df2a4b0 elementor-align-center elementor-mobile-align-center elementor-widget elementor-widget-button\" data-id=\"df2a4b0\" data-element_type=\"widget\" data-widget_type=\"button.default\">\n\t\t\t\t<div class=\"elementor-widget-container\">\n\t\t\t\t\t\t\t\t\t<div class=\"elementor-button-wrapper\">\n\t\t\t\t\t<a class=\"elementor-button elementor-size-sm\" role=\"button\">\n\t\t\t\t\t\t<span class=\"elementor-button-content-wrapper\">\n\t\t\t\t\t\t<span class=\"elementor-button-icon\">\n\t\t\t\t<i aria-hidden=\"true\" class=\"fas fa-chevron-left\"><\/i>\t\t\t<\/span>\n\t\t\t\t\t\t\t\t\t<span class=\"elementor-button-text\">Program<\/span>\n\t\t\t\t\t<\/span>\n\t\t\t\t\t<\/a>\n\t\t\t\t<\/div>\n\t\t\t\t\t\t\t\t<\/div>\n\t\t\t\t<\/div>\n\t\t\t\t\t<\/div>\n\t\t\t\t<\/div>\n\t\t\t\t<\/div>\n\t\t<div class=\"elementor-element elementor-element-29ccc43 e-con-full e-flex e-con e-child\" data-id=\"29ccc43\" data-element_type=\"container\">\n\t\t\t\t<div class=\"elementor-element elementor-element-5f5523b elementor-widget elementor-widget-text-editor\" data-id=\"5f5523b\" data-element_type=\"widget\" data-widget_type=\"text-editor.default\">\n\t\t\t\t<div class=\"elementor-widget-container\">\n\t\t\t\t\t\t\t\t\t<p>AI in dentomaxillofaciale radiologie: \u00e9\u00e9n beeld veel visies<\/p>\n<p>Artifici\u00eble Intelligentie (AI) wordt de laatste jaren toegepast in een breed scala van industrie\u00ebn, maar vindt nu ook de weg naar de gezondheidszorg. De tandheelkunde vormt geen uitzondering op deze trend. Terwijl echt autonome medische robotsystemen nog ver weg zijn, lijken de voordelen van AI vooral binnen het gebied van de dentomaxillofaciale radiologie veelbelovend. Door hun krachtige mogelijkheden op het gebied van beeldanalyse wordt verwacht dat deze algoritmen zowel de nauwkeurigheid als de doeltreffendheid van tandheelkundige diagnoses en beeldkwaliteit zullen verbeteren. Toch zijn er nog heel wat obstakels die een routinematige toepassing van AI binnen de praktijk in de weg staan. Is AI gewoon een hype of is dit ondubbelzinnig de toekomst binnen dentomaxillofaciale radiologie? Tijdens deze lezing worden de vooruitgang en potenti\u00eble tandheelkundige toepassingen van AI in de diagnose, behandeling en ziektevoorspelling besproken. Daarnaast worden de huidige barri\u00e8res, de ethische overwegingen en hun impact op tandartsen aangehaald, met als doel een achtergrond te cre\u00ebren in dit snel groeiend gebied.<\/p>\n\t\t\t\t\t\t\t\t<\/div>\n\t\t\t\t<\/div>\n\t\t\t\t<div class=\"elementor-element elementor-element-6d8d8d7 elementor-widget elementor-widget-button\" data-id=\"6d8d8d7\" data-element_type=\"widget\" data-widget_type=\"button.default\">\n\t\t\t\t<div class=\"elementor-widget-container\">\n\t\t\t\t\t\t\t\t\t<div class=\"elementor-button-wrapper\">\n\t\t\t\t\t<a class=\"elementor-button elementor-button-link elementor-size-sm\" href=\"https:\/\/vvt.be\/activiteit\/19664-artificiele-intelligentie-in-dentomaxillofaciale-radiologie-een-beeld-veel-visies-dentex-11-uur\/\">\n\t\t\t\t\t\t<span class=\"elementor-button-content-wrapper\">\n\t\t\t\t\t\t\t\t\t<span class=\"elementor-button-text\">Register for this session<\/span>\n\t\t\t\t\t<\/span>\n\t\t\t\t\t<\/a>\n\t\t\t\t<\/div>\n\t\t\t\t\t\t\t\t<\/div>\n\t\t\t\t<\/div>\n\t\t\t\t<\/div>\n\t\t\t\t\t<\/div>\n\t\t\t\t<\/div>\n\t\t\t\t<\/div>\n\t\t","protected":false},"excerpt":{"rendered":"<p>Artifici\u00eble intelligentie in dentomaxillofaciale radiologie: \u00e9\u00e9n beeld, veel visies Verbond der Vlaamse Tandartsen | Jeroen Van Dessel Practical information Saturday 3 octobre 11:00 &#8211; 12:30 Main stage 95 \/ free for member Speaker Jeroen Van Dessel Verbond der Vlaamse Tandartsen Jeroen Van Dessel behaalde een Master in Biomedische Wetenschappen en een Master in Advanced Medical [&hellip;]<\/p>\n","protected":false},"author":872,"featured_media":0,"parent":0,"menu_order":0,"comment_status":"closed","ping_status":"closed","template":"","meta":{"_seopress_robots_primary_cat":"","_seopress_titles_title":"","_seopress_titles_desc":"","_seopress_robots_index":"","footnotes":""},"class_list":["post-93974","page","type-page","status-publish","hentry"],"_links":{"self":[{"href":"https:\/\/www.dentex.be\/en\/wp-json\/wp\/v2\/pages\/93974","targetHints":{"allow":["GET"]}}],"collection":[{"href":"https:\/\/www.dentex.be\/en\/wp-json\/wp\/v2\/pages"}],"about":[{"href":"https:\/\/www.dentex.be\/en\/wp-json\/wp\/v2\/types\/page"}],"author":[{"embeddable":true,"href":"https:\/\/www.dentex.be\/en\/wp-json\/wp\/v2\/users\/872"}],"replies":[{"embeddable":true,"href":"https:\/\/www.dentex.be\/en\/wp-json\/wp\/v2\/comments?post=93974"}],"version-history":[{"count":3,"href":"https:\/\/www.dentex.be\/en\/wp-json\/wp\/v2\/pages\/93974\/revisions"}],"predecessor-version":[{"id":93979,"href":"https:\/\/www.dentex.be\/en\/wp-json\/wp\/v2\/pages\/93974\/revisions\/93979"}],"wp:attachment":[{"href":"https:\/\/www.dentex.be\/en\/wp-json\/wp\/v2\/media?parent=93974"}],"curies":[{"name":"wp","href":"https:\/\/api.w.org\/{rel}","templated":true}]}}